{"id":5,"date":"2019-06-25T14:34:14","date_gmt":"2019-06-25T12:34:14","guid":{"rendered":"https:\/\/isatis.asso.fr\/fioretti\/?page_id=5"},"modified":"2020-02-21T16:12:58","modified_gmt":"2020-02-21T15:12:58","slug":"description","status":"publish","type":"page","link":"https:\/\/isatis.asso.fr\/les-fioretti\/ehpad\/description\/","title":{"rendered":"Description"},"content":{"rendered":"\n<h2 class=\"wp-block-heading\">Le lieu de vie<\/h2>\n\n\n\n<div class=\"wp-block-columns is-layout-flex wp-container-core-columns-is-layout-9d6595d7 wp-block-columns-is-layout-flex\">\n<div class=\"wp-block-column is-layout-flow wp-block-column-is-layout-flow\" style=\"flex-basis:66.66%\">\n<figure class=\"wp-block-image size-large\"><img loading=\"lazy\" decoding=\"async\" width=\"941\" height=\"1024\" src=\"https:\/\/isatis.asso.fr\/les-fioretti\/wp-content\/uploads\/sites\/20\/2019\/10\/les-fioretti-lieu-e1575384568263-941x1024.jpg\" alt=\"\" class=\"wp-image-81\" srcset=\"https:\/\/isatis.asso.fr\/les-fioretti\/wp-content\/uploads\/sites\/20\/2019\/10\/les-fioretti-lieu-e1575384568263-941x1024.jpg 941w, https:\/\/isatis.asso.fr\/les-fioretti\/wp-content\/uploads\/sites\/20\/2019\/10\/les-fioretti-lieu-e1575384568263-276x300.jpg 276w, https:\/\/isatis.asso.fr\/les-fioretti\/wp-content\/uploads\/sites\/20\/2019\/10\/les-fioretti-lieu-e1575384568263-768x836.jpg 768w, https:\/\/isatis.asso.fr\/les-fioretti\/wp-content\/uploads\/sites\/20\/2019\/10\/les-fioretti-lieu-e1575384568263-919x1000.jpg 919w, https:\/\/isatis.asso.fr\/les-fioretti\/wp-content\/uploads\/sites\/20\/2019\/10\/les-fioretti-lieu-e1575384568263-1411x1536.jpg 1411w, https:\/\/isatis.asso.fr\/les-fioretti\/wp-content\/uploads\/sites\/20\/2019\/10\/les-fioretti-lieu-e1575384568263.jpg 1500w\" sizes=\"auto, (max-width: 941px) 100vw, 941px\" \/><\/figure>\n<\/div>\n\n\n\n<div class=\"wp-block-column is-layout-flow wp-block-column-is-layout-flow\" style=\"flex-basis:33.33%\">\n<p>Toutes nos chambres sont individuelles, meubl\u00e9es et \u00e9quip\u00e9es d\u2019une salle de bain privative. La surface d\u2019une chambre est d\u2019environ 22 m<sup>2<\/sup>. La chambre du r\u00e9sident constituant son domicile, il peut la personnaliser&nbsp;: installer une ligne t\u00e9l\u00e9phonique, compl\u00e9ter l\u2019ameublement, am\u00e9nager une d\u00e9coration \u00e0 son go\u00fbt.<\/p>\n\n\n\n<p>A chaque \u00e9tage, des salons sont \u00e0 la disposition des r\u00e9sidents et de leurs proches. On y discute, on y lit le journal, on y joue aux cartes et \u00e0 des jeux de soci\u00e9t\u00e9. Des animations s\u2019y d\u00e9roulent r\u00e9guli\u00e8rement.<\/p>\n\n\n\n<p>Aux beaux jours, vous pourrez profiter du jardin&nbsp;: \u00e0 pied ou en fauteuil, \u00e0 l\u2019ombre ou au soleil.<\/p>\n<\/div>\n<\/div>\n\n\n\n<h2 class=\"wp-block-heading\">L\u2019accompagnement <\/h2>\n\n\n\n<div class=\"wp-block-columns is-layout-flex wp-container-core-columns-is-layout-9d6595d7 wp-block-columns-is-layout-flex\">\n<div class=\"wp-block-column is-layout-flow wp-block-column-is-layout-flow\" style=\"flex-basis:66.66%\">\n<figure class=\"wp-block-image size-large\"><img loading=\"lazy\" decoding=\"async\" width=\"1024\" height=\"768\" src=\"https:\/\/isatis.asso.fr\/les-fioretti\/wp-content\/uploads\/sites\/20\/2019\/10\/les-fioretti-accompagnement-1024x768.jpg\" alt=\"\" class=\"wp-image-78\" srcset=\"https:\/\/isatis.asso.fr\/les-fioretti\/wp-content\/uploads\/sites\/20\/2019\/10\/les-fioretti-accompagnement-1024x768.jpg 1024w, https:\/\/isatis.asso.fr\/les-fioretti\/wp-content\/uploads\/sites\/20\/2019\/10\/les-fioretti-accompagnement-300x225.jpg 300w, https:\/\/isatis.asso.fr\/les-fioretti\/wp-content\/uploads\/sites\/20\/2019\/10\/les-fioretti-accompagnement-768x576.jpg 768w, https:\/\/isatis.asso.fr\/les-fioretti\/wp-content\/uploads\/sites\/20\/2019\/10\/les-fioretti-accompagnement-1333x1000.jpg 1333w, https:\/\/isatis.asso.fr\/les-fioretti\/wp-content\/uploads\/sites\/20\/2019\/10\/les-fioretti-accompagnement.jpg 1500w\" sizes=\"auto, (max-width: 1024px) 100vw, 1024px\" \/><\/figure>\n<\/div>\n\n\n\n<div class=\"wp-block-column is-layout-flow wp-block-column-is-layout-flow\" style=\"flex-basis:33.33%\">\n<p>L\u2019accompagnement du r\u00e9sident est orient\u00e9 par le projet de vie personnalis\u00e9. Il s\u2019agit d\u2019un document \u00e9labor\u00e9 apr\u00e8s l\u2019entr\u00e9e en concertation avec le r\u00e9sident et\/ou avec ses proches. La volont\u00e9 du r\u00e9sident se situe donc au centre de l\u2019accompagnement qui lui est propos\u00e9. <\/p>\n<\/div>\n<\/div>\n\n\n\n<h2 class=\"wp-block-heading\">Les soins <\/h2>\n\n\n\n<div class=\"wp-block-columns is-layout-flex wp-container-core-columns-is-layout-9d6595d7 wp-block-columns-is-layout-flex\">\n<div class=\"wp-block-column is-layout-flow wp-block-column-is-layout-flow\" style=\"flex-basis:66.66%\">\n<figure class=\"wp-block-image size-large\"><img loading=\"lazy\" decoding=\"async\" width=\"1024\" height=\"768\" src=\"https:\/\/isatis.asso.fr\/les-fioretti\/wp-content\/uploads\/sites\/20\/2019\/10\/les-fioretti-soins-1024x768.jpg\" alt=\"\" class=\"wp-image-82\" srcset=\"https:\/\/isatis.asso.fr\/les-fioretti\/wp-content\/uploads\/sites\/20\/2019\/10\/les-fioretti-soins-1024x768.jpg 1024w, https:\/\/isatis.asso.fr\/les-fioretti\/wp-content\/uploads\/sites\/20\/2019\/10\/les-fioretti-soins-300x225.jpg 300w, https:\/\/isatis.asso.fr\/les-fioretti\/wp-content\/uploads\/sites\/20\/2019\/10\/les-fioretti-soins-768x576.jpg 768w, https:\/\/isatis.asso.fr\/les-fioretti\/wp-content\/uploads\/sites\/20\/2019\/10\/les-fioretti-soins-1333x1000.jpg 1333w, https:\/\/isatis.asso.fr\/les-fioretti\/wp-content\/uploads\/sites\/20\/2019\/10\/les-fioretti-soins.jpg 1500w\" sizes=\"auto, (max-width: 1024px) 100vw, 1024px\" \/><\/figure>\n<\/div>\n\n\n\n<div class=\"wp-block-column is-layout-flow wp-block-column-is-layout-flow\" style=\"flex-basis:33.33%\">\n<p>Une \u00e9quipe de soignants, encadr\u00e9e par le cadre infirmier, met en \u0153uvre le projet de soins de l\u2019\u00e9tablissement. Le projet de soins organise la coh\u00e9rence et la qualit\u00e9 des soins d\u00e9livr\u00e9s aux r\u00e9sidents. Dans ce contexte, nous avons sign\u00e9 plusieurs conventions de partenariat avec le centre hospitalier Jacques C\u0153ur pour b\u00e9n\u00e9ficier de services adapt\u00e9s&nbsp;: astreinte infirmi\u00e8re de nuit, coop\u00e9ration dans le cadre de la fili\u00e8re g\u00e9rontologique (fluidification des transferts), service d\u2019hospitalisation \u00e0 domicile, \u00e9quipe mobile de soins palliatifs. <\/p>\n<\/div>\n<\/div>\n\n\n\n<h2 class=\"wp-block-heading\">L\u2019animation <\/h2>\n\n\n\n<div class=\"wp-block-columns is-layout-flex wp-container-core-columns-is-layout-9d6595d7 wp-block-columns-is-layout-flex\">\n<div class=\"wp-block-column is-layout-flow wp-block-column-is-layout-flow\" style=\"flex-basis:66.66%\">\n<figure class=\"wp-block-image size-large\"><img loading=\"lazy\" decoding=\"async\" width=\"1024\" height=\"768\" src=\"https:\/\/isatis.asso.fr\/les-fioretti\/wp-content\/uploads\/sites\/20\/2020\/02\/20200122_162406-1024x768.jpg\" alt=\"\" class=\"wp-image-181\" srcset=\"https:\/\/isatis.asso.fr\/les-fioretti\/wp-content\/uploads\/sites\/20\/2020\/02\/20200122_162406-1024x768.jpg 1024w, https:\/\/isatis.asso.fr\/les-fioretti\/wp-content\/uploads\/sites\/20\/2020\/02\/20200122_162406-300x225.jpg 300w, https:\/\/isatis.asso.fr\/les-fioretti\/wp-content\/uploads\/sites\/20\/2020\/02\/20200122_162406-768x576.jpg 768w, https:\/\/isatis.asso.fr\/les-fioretti\/wp-content\/uploads\/sites\/20\/2020\/02\/20200122_162406-1536x1152.jpg 1536w, https:\/\/isatis.asso.fr\/les-fioretti\/wp-content\/uploads\/sites\/20\/2020\/02\/20200122_162406-2048x1536.jpg 2048w, https:\/\/isatis.asso.fr\/les-fioretti\/wp-content\/uploads\/sites\/20\/2020\/02\/20200122_162406-1333x1000.jpg 1333w\" sizes=\"auto, (max-width: 1024px) 100vw, 1024px\" \/><\/figure>\n<\/div>\n\n\n\n<div class=\"wp-block-column is-layout-flow wp-block-column-is-layout-flow\" style=\"flex-basis:33.33%\">\n<p>Un planning d\u2019animation hebdomadaire est \u00e9dit\u00e9, affich\u00e9 et diffus\u00e9 chaque semaine par l\u2019animatrice. Sont propos\u00e9es des activit\u00e9s physiques, cognitives, socio-culturelles, spirituelles et festives. Des sorties en minibus sont organis\u00e9es r\u00e9guli\u00e8rement. A noter que l\u2019\u00e9tablissement entretient un partenariat privil\u00e9gi\u00e9 avec l\u2019Office national des anciens combattants (ONAC). Les familles sont les bienvenues pour participer \u00e0 ces activit\u00e9s et sorties, ainsi que pour accompagner en qualit\u00e9 de b\u00e9n\u00e9voles. Enfin, des associations de visiteurs b\u00e9n\u00e9voles &nbsp;interviennent r\u00e9guli\u00e8rement dans l\u2019\u00e9tablissement.<\/p>\n\n\n\n<p>S\u2019agissant de l\u2019unit\u00e9 prot\u00e9g\u00e9e, des activit\u00e9s occupationnelles sp\u00e9cifiques sont propos\u00e9es dans une ambiance familiale apaisante.<\/p>\n<\/div>\n<\/div>\n","protected":false},"excerpt":{"rendered":"<p>Le lieu de vie Toutes nos chambres sont individuelles, meubl\u00e9es et \u00e9quip\u00e9es d\u2019une salle de bain privative. La surface d\u2019une chambre est d\u2019environ 22 m2. La chambre du r\u00e9sident constituant son domicile, il peut la personnaliser&nbsp;: installer une ligne t\u00e9l\u00e9phonique, compl\u00e9ter l\u2019ameublement, am\u00e9nager une d\u00e9coration \u00e0 son go\u00fbt. A chaque \u00e9tage, des salons sont \u00e0 [&hellip;]<\/p>\n","protected":false},"author":1,"featured_media":0,"parent":2,"menu_order":2,"comment_status":"closed","ping_status":"closed","template":"","meta":{"_acf_changed":false,"footnotes":""},"class_list":["post-5","page","type-page","status-publish","hentry"],"acf":[],"yoast_head":"<!-- This site is optimized with the Yoast SEO plugin v27.3 - https:\/\/yoast.com\/product\/yoast-seo-wordpress\/ -->\n<title>Description - Les Fioretti<\/title>\n<meta name=\"robots\" content=\"index, follow, max-snippet:-1, max-image-preview:large, max-video-preview:-1\" \/>\n<link rel=\"canonical\" href=\"https:\/\/isatis.asso.fr\/les-fioretti\/ehpad\/description\/\" \/>\n<meta property=\"og:locale\" content=\"fr_FR\" \/>\n<meta property=\"og:type\" content=\"article\" \/>\n<meta property=\"og:title\" content=\"Description - Les Fioretti\" \/>\n<meta property=\"og:description\" content=\"Le lieu de vie Toutes nos chambres sont individuelles, meubl\u00e9es et \u00e9quip\u00e9es d\u2019une salle de bain privative. La surface d\u2019une chambre est d\u2019environ 22 m2. La chambre du r\u00e9sident constituant son domicile, il peut la personnaliser&nbsp;: installer une ligne t\u00e9l\u00e9phonique, compl\u00e9ter l\u2019ameublement, am\u00e9nager une d\u00e9coration \u00e0 son go\u00fbt. A chaque \u00e9tage, des salons sont \u00e0 [&hellip;]\" \/>\n<meta property=\"og:url\" content=\"https:\/\/isatis.asso.fr\/les-fioretti\/ehpad\/description\/\" \/>\n<meta property=\"og:site_name\" content=\"Les Fioretti\" \/>\n<meta property=\"article:modified_time\" content=\"2020-02-21T15:12:58+00:00\" \/>\n<meta property=\"og:image\" content=\"https:\/\/isatis.asso.fr\/les-fioretti\/wp-content\/uploads\/sites\/20\/2019\/10\/les-fioretti-lieu-e1575384568263-941x1024.jpg\" \/>\n<meta name=\"twitter:card\" content=\"summary_large_image\" \/>\n<meta name=\"twitter:label1\" content=\"Dur\u00e9e de lecture estim\u00e9e\" \/>\n\t<meta name=\"twitter:data1\" content=\"2 minutes\" \/>\n<script type=\"application\/ld+json\" class=\"yoast-schema-graph\">{\"@context\":\"https:\\\/\\\/schema.org\",\"@graph\":[{\"@type\":\"WebPage\",\"@id\":\"https:\\\/\\\/isatis.asso.fr\\\/les-fioretti\\\/ehpad\\\/description\\\/\",\"url\":\"https:\\\/\\\/isatis.asso.fr\\\/les-fioretti\\\/ehpad\\\/description\\\/\",\"name\":\"Description - Les Fioretti\",\"isPartOf\":{\"@id\":\"https:\\\/\\\/isatis.asso.fr\\\/les-fioretti\\\/#website\"},\"primaryImageOfPage\":{\"@id\":\"https:\\\/\\\/isatis.asso.fr\\\/les-fioretti\\\/ehpad\\\/description\\\/#primaryimage\"},\"image\":{\"@id\":\"https:\\\/\\\/isatis.asso.fr\\\/les-fioretti\\\/ehpad\\\/description\\\/#primaryimage\"},\"thumbnailUrl\":\"https:\\\/\\\/isatis.asso.fr\\\/les-fioretti\\\/wp-content\\\/uploads\\\/sites\\\/20\\\/2019\\\/10\\\/les-fioretti-lieu-e1575384568263-941x1024.jpg\",\"datePublished\":\"2019-06-25T12:34:14+00:00\",\"dateModified\":\"2020-02-21T15:12:58+00:00\",\"breadcrumb\":{\"@id\":\"https:\\\/\\\/isatis.asso.fr\\\/les-fioretti\\\/ehpad\\\/description\\\/#breadcrumb\"},\"inLanguage\":\"fr-FR\",\"potentialAction\":[{\"@type\":\"ReadAction\",\"target\":[\"https:\\\/\\\/isatis.asso.fr\\\/les-fioretti\\\/ehpad\\\/description\\\/\"]}]},{\"@type\":\"ImageObject\",\"inLanguage\":\"fr-FR\",\"@id\":\"https:\\\/\\\/isatis.asso.fr\\\/les-fioretti\\\/ehpad\\\/description\\\/#primaryimage\",\"url\":\"https:\\\/\\\/isatis.asso.fr\\\/les-fioretti\\\/wp-content\\\/uploads\\\/sites\\\/20\\\/2019\\\/10\\\/les-fioretti-lieu-e1575384568263.jpg\",\"contentUrl\":\"https:\\\/\\\/isatis.asso.fr\\\/les-fioretti\\\/wp-content\\\/uploads\\\/sites\\\/20\\\/2019\\\/10\\\/les-fioretti-lieu-e1575384568263.jpg\",\"width\":1500,\"height\":1633},{\"@type\":\"BreadcrumbList\",\"@id\":\"https:\\\/\\\/isatis.asso.fr\\\/les-fioretti\\\/ehpad\\\/description\\\/#breadcrumb\",\"itemListElement\":[{\"@type\":\"ListItem\",\"position\":1,\"name\":\"Accueil\",\"item\":\"https:\\\/\\\/isatis.asso.fr\\\/les-fioretti\\\/\"},{\"@type\":\"ListItem\",\"position\":2,\"name\":\"Pr\u00e9sentation\",\"item\":\"https:\\\/\\\/isatis.asso.fr\\\/les-fioretti\\\/\"},{\"@type\":\"ListItem\",\"position\":3,\"name\":\"Description\"}]},{\"@type\":\"WebSite\",\"@id\":\"https:\\\/\\\/isatis.asso.fr\\\/les-fioretti\\\/#website\",\"url\":\"https:\\\/\\\/isatis.asso.fr\\\/les-fioretti\\\/\",\"name\":\"Les Fioretti\",\"description\":\"EHPAD - UNIT\u00c9 DE VIE PROT\u00c9G\u00c9E\",\"potentialAction\":[{\"@type\":\"SearchAction\",\"target\":{\"@type\":\"EntryPoint\",\"urlTemplate\":\"https:\\\/\\\/isatis.asso.fr\\\/les-fioretti\\\/?s={search_term_string}\"},\"query-input\":{\"@type\":\"PropertyValueSpecification\",\"valueRequired\":true,\"valueName\":\"search_term_string\"}}],\"inLanguage\":\"fr-FR\"}]}<\/script>\n<!-- \/ Yoast SEO plugin. -->","yoast_head_json":{"title":"Description - Les Fioretti","robots":{"index":"index","follow":"follow","max-snippet":"max-snippet:-1","max-image-preview":"max-image-preview:large","max-video-preview":"max-video-preview:-1"},"canonical":"https:\/\/isatis.asso.fr\/les-fioretti\/ehpad\/description\/","og_locale":"fr_FR","og_type":"article","og_title":"Description - Les Fioretti","og_description":"Le lieu de vie Toutes nos chambres sont individuelles, meubl\u00e9es et \u00e9quip\u00e9es d\u2019une salle de bain privative. La surface d\u2019une chambre est d\u2019environ 22 m2. La chambre du r\u00e9sident constituant son domicile, il peut la personnaliser&nbsp;: installer une ligne t\u00e9l\u00e9phonique, compl\u00e9ter l\u2019ameublement, am\u00e9nager une d\u00e9coration \u00e0 son go\u00fbt. A chaque \u00e9tage, des salons sont \u00e0 [&hellip;]","og_url":"https:\/\/isatis.asso.fr\/les-fioretti\/ehpad\/description\/","og_site_name":"Les Fioretti","article_modified_time":"2020-02-21T15:12:58+00:00","og_image":[{"url":"https:\/\/isatis.asso.fr\/les-fioretti\/wp-content\/uploads\/sites\/20\/2019\/10\/les-fioretti-lieu-e1575384568263-941x1024.jpg","type":"","width":"","height":""}],"twitter_card":"summary_large_image","twitter_misc":{"Dur\u00e9e de lecture estim\u00e9e":"2 minutes"},"schema":{"@context":"https:\/\/schema.org","@graph":[{"@type":"WebPage","@id":"https:\/\/isatis.asso.fr\/les-fioretti\/ehpad\/description\/","url":"https:\/\/isatis.asso.fr\/les-fioretti\/ehpad\/description\/","name":"Description - Les Fioretti","isPartOf":{"@id":"https:\/\/isatis.asso.fr\/les-fioretti\/#website"},"primaryImageOfPage":{"@id":"https:\/\/isatis.asso.fr\/les-fioretti\/ehpad\/description\/#primaryimage"},"image":{"@id":"https:\/\/isatis.asso.fr\/les-fioretti\/ehpad\/description\/#primaryimage"},"thumbnailUrl":"https:\/\/isatis.asso.fr\/les-fioretti\/wp-content\/uploads\/sites\/20\/2019\/10\/les-fioretti-lieu-e1575384568263-941x1024.jpg","datePublished":"2019-06-25T12:34:14+00:00","dateModified":"2020-02-21T15:12:58+00:00","breadcrumb":{"@id":"https:\/\/isatis.asso.fr\/les-fioretti\/ehpad\/description\/#breadcrumb"},"inLanguage":"fr-FR","potentialAction":[{"@type":"ReadAction","target":["https:\/\/isatis.asso.fr\/les-fioretti\/ehpad\/description\/"]}]},{"@type":"ImageObject","inLanguage":"fr-FR","@id":"https:\/\/isatis.asso.fr\/les-fioretti\/ehpad\/description\/#primaryimage","url":"https:\/\/isatis.asso.fr\/les-fioretti\/wp-content\/uploads\/sites\/20\/2019\/10\/les-fioretti-lieu-e1575384568263.jpg","contentUrl":"https:\/\/isatis.asso.fr\/les-fioretti\/wp-content\/uploads\/sites\/20\/2019\/10\/les-fioretti-lieu-e1575384568263.jpg","width":1500,"height":1633},{"@type":"BreadcrumbList","@id":"https:\/\/isatis.asso.fr\/les-fioretti\/ehpad\/description\/#breadcrumb","itemListElement":[{"@type":"ListItem","position":1,"name":"Accueil","item":"https:\/\/isatis.asso.fr\/les-fioretti\/"},{"@type":"ListItem","position":2,"name":"Pr\u00e9sentation","item":"https:\/\/isatis.asso.fr\/les-fioretti\/"},{"@type":"ListItem","position":3,"name":"Description"}]},{"@type":"WebSite","@id":"https:\/\/isatis.asso.fr\/les-fioretti\/#website","url":"https:\/\/isatis.asso.fr\/les-fioretti\/","name":"Les Fioretti","description":"EHPAD - UNIT\u00c9 DE VIE PROT\u00c9G\u00c9E","potentialAction":[{"@type":"SearchAction","target":{"@type":"EntryPoint","urlTemplate":"https:\/\/isatis.asso.fr\/les-fioretti\/?s={search_term_string}"},"query-input":{"@type":"PropertyValueSpecification","valueRequired":true,"valueName":"search_term_string"}}],"inLanguage":"fr-FR"}]}},"_links":{"self":[{"href":"https:\/\/isatis.asso.fr\/les-fioretti\/wp-json\/wp\/v2\/pages\/5","targetHints":{"allow":["GET"]}}],"collection":[{"href":"https:\/\/isatis.asso.fr\/les-fioretti\/wp-json\/wp\/v2\/pages"}],"about":[{"href":"https:\/\/isatis.asso.fr\/les-fioretti\/wp-json\/wp\/v2\/types\/page"}],"author":[{"embeddable":true,"href":"https:\/\/isatis.asso.fr\/les-fioretti\/wp-json\/wp\/v2\/users\/1"}],"replies":[{"embeddable":true,"href":"https:\/\/isatis.asso.fr\/les-fioretti\/wp-json\/wp\/v2\/comments?post=5"}],"version-history":[{"count":7,"href":"https:\/\/isatis.asso.fr\/les-fioretti\/wp-json\/wp\/v2\/pages\/5\/revisions"}],"predecessor-version":[{"id":196,"href":"https:\/\/isatis.asso.fr\/les-fioretti\/wp-json\/wp\/v2\/pages\/5\/revisions\/196"}],"up":[{"embeddable":true,"href":"https:\/\/isatis.asso.fr\/les-fioretti\/wp-json\/wp\/v2\/pages\/2"}],"wp:attachment":[{"href":"https:\/\/isatis.asso.fr\/les-fioretti\/wp-json\/wp\/v2\/media?parent=5"}],"curies":[{"name":"wp","href":"https:\/\/api.w.org\/{rel}","templated":true}]}}