{"id":5,"date":"2019-06-25T14:34:14","date_gmt":"2019-06-25T12:34:14","guid":{"rendered":"https:\/\/isatis.asso.fr\/les-appartements-du-111\/?page_id=5"},"modified":"2020-01-23T17:03:24","modified_gmt":"2020-01-23T16:03:24","slug":"description","status":"publish","type":"page","link":"https:\/\/isatis.asso.fr\/les-appartements-du-111\/ehpad\/description\/","title":{"rendered":"Description"},"content":{"rendered":"\n<h2 class=\"wp-block-heading\">Le lieu de vie <\/h2>\n\n\n\n<figure class=\"wp-block-image size-large\"><img loading=\"lazy\" decoding=\"async\" width=\"1024\" height=\"681\" src=\"https:\/\/isatis.asso.fr\/les-appartements-du-111\/wp-content\/uploads\/sites\/32\/2019\/10\/les-appart-du-111-lieu-1024x681.jpg\" alt=\"\" class=\"wp-image-95\" srcset=\"https:\/\/isatis.asso.fr\/les-appartements-du-111\/wp-content\/uploads\/sites\/32\/2019\/10\/les-appart-du-111-lieu-1024x681.jpg 1024w, https:\/\/isatis.asso.fr\/les-appartements-du-111\/wp-content\/uploads\/sites\/32\/2019\/10\/les-appart-du-111-lieu-300x200.jpg 300w, https:\/\/isatis.asso.fr\/les-appartements-du-111\/wp-content\/uploads\/sites\/32\/2019\/10\/les-appart-du-111-lieu-768x511.jpg 768w, https:\/\/isatis.asso.fr\/les-appartements-du-111\/wp-content\/uploads\/sites\/32\/2019\/10\/les-appart-du-111-lieu-270x180.jpg 270w, https:\/\/isatis.asso.fr\/les-appartements-du-111\/wp-content\/uploads\/sites\/32\/2019\/10\/les-appart-du-111-lieu-1503x1000.jpg 1503w\" sizes=\"auto, (max-width: 1024px) 100vw, 1024px\" \/><\/figure>\n\n\n\n<p>Chaque locataire b\u00e9n\u00e9ficie de\nl\u2019usage privatif d\u2019un appartement compos\u00e9 d\u2019un s\u00e9jour-cuisine avec un \u00e9vier, un\nplan de travail \u00e9quip\u00e9 de plaques de cuisson et de prises de courant, la\npossibilit\u00e9 d\u2019y installer un lave-linge et un r\u00e9frig\u00e9rateur. La salle d\u2019eau\navec douche \u00e0 l\u2019italienne est accessible en fauteuil, les WC sont \u00e9quip\u00e9s de\npoign\u00e9es de s\u00e9curit\u00e9.<\/p>\n\n\n\n<p>Chaque appartement dispose d\u2019un\ninterphone, d\u2019une connexion TV\/t\u00e9l\u00e9phone, d\u2019une bo\u00eete \u00e0 lettres individuelle.<\/p>\n\n\n\n<p>Une salle de loisirs et\nd\u2019activit\u00e9s est situ\u00e9e au rez-de-jardin.<\/p>\n\n\n\n<p>L\u2019admission s\u2019effectue apr\u00e8s\nvisite de l\u2019\u00e9tablissement par l\u2019int\u00e9ress\u00e9 et validation de son dossier m\u00e9dical\net administratif.<\/p>\n\n\n\n<p>Les aides \u00e0 la personne&nbsp;:\nsoins infirmiers, auxiliaires m\u00e9dicaux, t\u00e9l\u00e9alarme peuvent \u00eatre mis \u00e0\ndisposition dans le cadre des aides \u00e0 domicile par l\u2019interm\u00e9diaire du CCAS et\ndu CLIC.<\/p>\n\n\n\n<p>Les services optionnels propos\u00e9s\npar La Maison des Vergers sont&nbsp;:<\/p>\n\n\n\n<ul class=\"wp-block-list\"><li>L\u2019acc\u00e8s au restaurant de la r\u00e9sidence, \u00e0 des tarifs pr\u00e9f\u00e9rentiels avec possibilit\u00e9 d\u2019y recevoir des invit\u00e9s.<\/li><li>L\u2019entretien du linge.<\/li><li>Des animations et sorties (revue de presse, jeux de soci\u00e9t\u00e9s, gym douce et pr\u00e9vention des chutes, concerts, ateliers m\u00e9moire et remue-m\u00e9ninges, jardinage, Chi Kong)<\/li><\/ul>\n\n\n\n<p>Des conventions sont conclues\navec de nombreuses associations partenaires d\u2019activit\u00e9s de loisirs.<\/p>\n\n\n\n<p><\/p>\n\n\n\n<p><\/p>\n\n\n\n<p><\/p>\n","protected":false},"excerpt":{"rendered":"<p>Le lieu de vie Chaque locataire b\u00e9n\u00e9ficie de l\u2019usage privatif d\u2019un appartement compos\u00e9 d\u2019un s\u00e9jour-cuisine avec un \u00e9vier, un plan de travail \u00e9quip\u00e9 de plaques de cuisson et de prises de courant, la possibilit\u00e9 d\u2019y installer un lave-linge et un r\u00e9frig\u00e9rateur. La salle d\u2019eau avec douche \u00e0 l\u2019italienne est accessible en fauteuil, les WC sont [&hellip;]<\/p>\n","protected":false},"author":1,"featured_media":0,"parent":2,"menu_order":2,"comment_status":"closed","ping_status":"closed","template":"","meta":{"_acf_changed":false,"footnotes":""},"class_list":["post-5","page","type-page","status-publish","hentry"],"acf":[],"yoast_head":"<!-- This site is optimized with the Yoast SEO plugin v27.3 - https:\/\/yoast.com\/product\/yoast-seo-wordpress\/ -->\n<title>Description - Les appartements du 111<\/title>\n<meta name=\"robots\" content=\"index, follow, max-snippet:-1, max-image-preview:large, max-video-preview:-1\" \/>\n<link rel=\"canonical\" href=\"https:\/\/isatis.asso.fr\/les-appartements-du-111\/ehpad\/description\/\" \/>\n<meta property=\"og:locale\" content=\"fr_FR\" \/>\n<meta property=\"og:type\" content=\"article\" \/>\n<meta property=\"og:title\" content=\"Description - Les appartements du 111\" \/>\n<meta property=\"og:description\" content=\"Le lieu de vie Chaque locataire b\u00e9n\u00e9ficie de l\u2019usage privatif d\u2019un appartement compos\u00e9 d\u2019un s\u00e9jour-cuisine avec un \u00e9vier, un plan de travail \u00e9quip\u00e9 de plaques de cuisson et de prises de courant, la possibilit\u00e9 d\u2019y installer un lave-linge et un r\u00e9frig\u00e9rateur. La salle d\u2019eau avec douche \u00e0 l\u2019italienne est accessible en fauteuil, les WC sont [&hellip;]\" \/>\n<meta property=\"og:url\" content=\"https:\/\/isatis.asso.fr\/les-appartements-du-111\/ehpad\/description\/\" \/>\n<meta property=\"og:site_name\" content=\"Les appartements du 111\" \/>\n<meta property=\"article:modified_time\" content=\"2020-01-23T16:03:24+00:00\" \/>\n<meta property=\"og:image\" content=\"https:\/\/isatis.asso.fr\/les-appartements-du-111\/wp-content\/uploads\/sites\/32\/2019\/10\/les-appart-du-111-lieu-1024x681.jpg\" \/>\n<meta name=\"twitter:card\" content=\"summary_large_image\" \/>\n<meta name=\"twitter:label1\" content=\"Dur\u00e9e de lecture estim\u00e9e\" \/>\n\t<meta name=\"twitter:data1\" content=\"1 minute\" \/>\n<script type=\"application\/ld+json\" class=\"yoast-schema-graph\">{\"@context\":\"https:\\\/\\\/schema.org\",\"@graph\":[{\"@type\":\"WebPage\",\"@id\":\"https:\\\/\\\/isatis.asso.fr\\\/les-appartements-du-111\\\/ehpad\\\/description\\\/\",\"url\":\"https:\\\/\\\/isatis.asso.fr\\\/les-appartements-du-111\\\/ehpad\\\/description\\\/\",\"name\":\"Description - Les appartements du 111\",\"isPartOf\":{\"@id\":\"https:\\\/\\\/isatis.asso.fr\\\/les-appartements-du-111\\\/#website\"},\"primaryImageOfPage\":{\"@id\":\"https:\\\/\\\/isatis.asso.fr\\\/les-appartements-du-111\\\/ehpad\\\/description\\\/#primaryimage\"},\"image\":{\"@id\":\"https:\\\/\\\/isatis.asso.fr\\\/les-appartements-du-111\\\/ehpad\\\/description\\\/#primaryimage\"},\"thumbnailUrl\":\"https:\\\/\\\/isatis.asso.fr\\\/les-appartements-du-111\\\/wp-content\\\/uploads\\\/sites\\\/32\\\/2019\\\/10\\\/les-appart-du-111-lieu-1024x681.jpg\",\"datePublished\":\"2019-06-25T12:34:14+00:00\",\"dateModified\":\"2020-01-23T16:03:24+00:00\",\"breadcrumb\":{\"@id\":\"https:\\\/\\\/isatis.asso.fr\\\/les-appartements-du-111\\\/ehpad\\\/description\\\/#breadcrumb\"},\"inLanguage\":\"fr-FR\",\"potentialAction\":[{\"@type\":\"ReadAction\",\"target\":[\"https:\\\/\\\/isatis.asso.fr\\\/les-appartements-du-111\\\/ehpad\\\/description\\\/\"]}]},{\"@type\":\"ImageObject\",\"inLanguage\":\"fr-FR\",\"@id\":\"https:\\\/\\\/isatis.asso.fr\\\/les-appartements-du-111\\\/ehpad\\\/description\\\/#primaryimage\",\"url\":\"https:\\\/\\\/isatis.asso.fr\\\/les-appartements-du-111\\\/wp-content\\\/uploads\\\/sites\\\/32\\\/2019\\\/10\\\/les-appart-du-111-lieu.jpg\",\"contentUrl\":\"https:\\\/\\\/isatis.asso.fr\\\/les-appartements-du-111\\\/wp-content\\\/uploads\\\/sites\\\/32\\\/2019\\\/10\\\/les-appart-du-111-lieu.jpg\",\"width\":4260,\"height\":2835},{\"@type\":\"BreadcrumbList\",\"@id\":\"https:\\\/\\\/isatis.asso.fr\\\/les-appartements-du-111\\\/ehpad\\\/description\\\/#breadcrumb\",\"itemListElement\":[{\"@type\":\"ListItem\",\"position\":1,\"name\":\"Accueil\",\"item\":\"https:\\\/\\\/isatis.asso.fr\\\/les-appartements-du-111\\\/\"},{\"@type\":\"ListItem\",\"position\":2,\"name\":\"Pr\u00e9sentation\",\"item\":\"https:\\\/\\\/isatis.asso.fr\\\/les-appartements-du-111\\\/\"},{\"@type\":\"ListItem\",\"position\":3,\"name\":\"Description\"}]},{\"@type\":\"WebSite\",\"@id\":\"https:\\\/\\\/isatis.asso.fr\\\/les-appartements-du-111\\\/#website\",\"url\":\"https:\\\/\\\/isatis.asso.fr\\\/les-appartements-du-111\\\/\",\"name\":\"Les appartements du 111\",\"description\":\"R\u00c9SIDENCE AUTONOMIE\",\"potentialAction\":[{\"@type\":\"SearchAction\",\"target\":{\"@type\":\"EntryPoint\",\"urlTemplate\":\"https:\\\/\\\/isatis.asso.fr\\\/les-appartements-du-111\\\/?s={search_term_string}\"},\"query-input\":{\"@type\":\"PropertyValueSpecification\",\"valueRequired\":true,\"valueName\":\"search_term_string\"}}],\"inLanguage\":\"fr-FR\"}]}<\/script>\n<!-- \/ Yoast SEO plugin. -->","yoast_head_json":{"title":"Description - Les appartements du 111","robots":{"index":"index","follow":"follow","max-snippet":"max-snippet:-1","max-image-preview":"max-image-preview:large","max-video-preview":"max-video-preview:-1"},"canonical":"https:\/\/isatis.asso.fr\/les-appartements-du-111\/ehpad\/description\/","og_locale":"fr_FR","og_type":"article","og_title":"Description - Les appartements du 111","og_description":"Le lieu de vie Chaque locataire b\u00e9n\u00e9ficie de l\u2019usage privatif d\u2019un appartement compos\u00e9 d\u2019un s\u00e9jour-cuisine avec un \u00e9vier, un plan de travail \u00e9quip\u00e9 de plaques de cuisson et de prises de courant, la possibilit\u00e9 d\u2019y installer un lave-linge et un r\u00e9frig\u00e9rateur. La salle d\u2019eau avec douche \u00e0 l\u2019italienne est accessible en fauteuil, les WC sont [&hellip;]","og_url":"https:\/\/isatis.asso.fr\/les-appartements-du-111\/ehpad\/description\/","og_site_name":"Les appartements du 111","article_modified_time":"2020-01-23T16:03:24+00:00","og_image":[{"url":"https:\/\/isatis.asso.fr\/les-appartements-du-111\/wp-content\/uploads\/sites\/32\/2019\/10\/les-appart-du-111-lieu-1024x681.jpg","type":"","width":"","height":""}],"twitter_card":"summary_large_image","twitter_misc":{"Dur\u00e9e de lecture estim\u00e9e":"1 minute"},"schema":{"@context":"https:\/\/schema.org","@graph":[{"@type":"WebPage","@id":"https:\/\/isatis.asso.fr\/les-appartements-du-111\/ehpad\/description\/","url":"https:\/\/isatis.asso.fr\/les-appartements-du-111\/ehpad\/description\/","name":"Description - Les appartements du 111","isPartOf":{"@id":"https:\/\/isatis.asso.fr\/les-appartements-du-111\/#website"},"primaryImageOfPage":{"@id":"https:\/\/isatis.asso.fr\/les-appartements-du-111\/ehpad\/description\/#primaryimage"},"image":{"@id":"https:\/\/isatis.asso.fr\/les-appartements-du-111\/ehpad\/description\/#primaryimage"},"thumbnailUrl":"https:\/\/isatis.asso.fr\/les-appartements-du-111\/wp-content\/uploads\/sites\/32\/2019\/10\/les-appart-du-111-lieu-1024x681.jpg","datePublished":"2019-06-25T12:34:14+00:00","dateModified":"2020-01-23T16:03:24+00:00","breadcrumb":{"@id":"https:\/\/isatis.asso.fr\/les-appartements-du-111\/ehpad\/description\/#breadcrumb"},"inLanguage":"fr-FR","potentialAction":[{"@type":"ReadAction","target":["https:\/\/isatis.asso.fr\/les-appartements-du-111\/ehpad\/description\/"]}]},{"@type":"ImageObject","inLanguage":"fr-FR","@id":"https:\/\/isatis.asso.fr\/les-appartements-du-111\/ehpad\/description\/#primaryimage","url":"https:\/\/isatis.asso.fr\/les-appartements-du-111\/wp-content\/uploads\/sites\/32\/2019\/10\/les-appart-du-111-lieu.jpg","contentUrl":"https:\/\/isatis.asso.fr\/les-appartements-du-111\/wp-content\/uploads\/sites\/32\/2019\/10\/les-appart-du-111-lieu.jpg","width":4260,"height":2835},{"@type":"BreadcrumbList","@id":"https:\/\/isatis.asso.fr\/les-appartements-du-111\/ehpad\/description\/#breadcrumb","itemListElement":[{"@type":"ListItem","position":1,"name":"Accueil","item":"https:\/\/isatis.asso.fr\/les-appartements-du-111\/"},{"@type":"ListItem","position":2,"name":"Pr\u00e9sentation","item":"https:\/\/isatis.asso.fr\/les-appartements-du-111\/"},{"@type":"ListItem","position":3,"name":"Description"}]},{"@type":"WebSite","@id":"https:\/\/isatis.asso.fr\/les-appartements-du-111\/#website","url":"https:\/\/isatis.asso.fr\/les-appartements-du-111\/","name":"Les appartements du 111","description":"R\u00c9SIDENCE AUTONOMIE","potentialAction":[{"@type":"SearchAction","target":{"@type":"EntryPoint","urlTemplate":"https:\/\/isatis.asso.fr\/les-appartements-du-111\/?s={search_term_string}"},"query-input":{"@type":"PropertyValueSpecification","valueRequired":true,"valueName":"search_term_string"}}],"inLanguage":"fr-FR"}]}},"_links":{"self":[{"href":"https:\/\/isatis.asso.fr\/les-appartements-du-111\/wp-json\/wp\/v2\/pages\/5","targetHints":{"allow":["GET"]}}],"collection":[{"href":"https:\/\/isatis.asso.fr\/les-appartements-du-111\/wp-json\/wp\/v2\/pages"}],"about":[{"href":"https:\/\/isatis.asso.fr\/les-appartements-du-111\/wp-json\/wp\/v2\/types\/page"}],"author":[{"embeddable":true,"href":"https:\/\/isatis.asso.fr\/les-appartements-du-111\/wp-json\/wp\/v2\/users\/1"}],"replies":[{"embeddable":true,"href":"https:\/\/isatis.asso.fr\/les-appartements-du-111\/wp-json\/wp\/v2\/comments?post=5"}],"version-history":[{"count":7,"href":"https:\/\/isatis.asso.fr\/les-appartements-du-111\/wp-json\/wp\/v2\/pages\/5\/revisions"}],"predecessor-version":[{"id":126,"href":"https:\/\/isatis.asso.fr\/les-appartements-du-111\/wp-json\/wp\/v2\/pages\/5\/revisions\/126"}],"up":[{"embeddable":true,"href":"https:\/\/isatis.asso.fr\/les-appartements-du-111\/wp-json\/wp\/v2\/pages\/2"}],"wp:attachment":[{"href":"https:\/\/isatis.asso.fr\/les-appartements-du-111\/wp-json\/wp\/v2\/media?parent=5"}],"curies":[{"name":"wp","href":"https:\/\/api.w.org\/{rel}","templated":true}]}}