{"id":5,"date":"2019-06-25T14:34:14","date_gmt":"2019-06-25T12:34:14","guid":{"rendered":"https:\/\/isatis.asso.fr\/la-source\/?page_id=5"},"modified":"2020-07-10T15:35:15","modified_gmt":"2020-07-10T13:35:15","slug":"description","status":"publish","type":"page","link":"https:\/\/isatis.asso.fr\/la-source\/ehpad\/description\/","title":{"rendered":"Description"},"content":{"rendered":"\n<h2 class=\"wp-block-heading\">Le lieu de vie<\/h2>\n\n\n\n<div class=\"wp-block-columns is-layout-flex wp-container-core-columns-is-layout-9d6595d7 wp-block-columns-is-layout-flex\">\n<div class=\"wp-block-column is-layout-flow wp-block-column-is-layout-flow\" style=\"flex-basis:66.66%\">\n<figure class=\"wp-block-image size-large\"><img loading=\"lazy\" decoding=\"async\" width=\"1000\" height=\"750\" src=\"https:\/\/isatis.asso.fr\/la-source\/wp-content\/uploads\/sites\/12\/2019\/09\/la-source-lieu.jpg\" alt=\"\" class=\"wp-image-78\" srcset=\"https:\/\/isatis.asso.fr\/la-source\/wp-content\/uploads\/sites\/12\/2019\/09\/la-source-lieu.jpg 1000w, https:\/\/isatis.asso.fr\/la-source\/wp-content\/uploads\/sites\/12\/2019\/09\/la-source-lieu-300x225.jpg 300w, https:\/\/isatis.asso.fr\/la-source\/wp-content\/uploads\/sites\/12\/2019\/09\/la-source-lieu-768x576.jpg 768w\" sizes=\"auto, (max-width: 1000px) 100vw, 1000px\" \/><\/figure>\n<\/div>\n\n\n\n<div class=\"wp-block-column is-layout-flow wp-block-column-is-layout-flow\" style=\"flex-basis:33.33%\">\n<p>Nous proposons 75 chambres individuelles r\u00e9parties sur 5 \u00e9tages, \u00e9quip\u00e9es d\u2019une salle de bains et de mobilier, que vous pouvez personnaliser. La chambre est consid\u00e9r\u00e9e comme un lieu de vie des habitants.<\/p>\n\n\n\n<p>L\u2019espace de vie collectif principal est au rez-de-chauss\u00e9e comprenant le restaurant, la v\u00e9randa, la biblioth\u00e8que et le salon.<\/p>\n\n\n\n<p>Chaque \u00e9tage dispose d\u2019un petit salon, sont \u00e9galement pr\u00e9sents&nbsp;: salon de coiffure, salle d\u2019animation.<\/p>\n<\/div>\n<\/div>\n\n\n\n<h2 class=\"wp-block-heading\">L\u2019accompagnement<\/h2>\n\n\n\n<div class=\"wp-block-columns is-layout-flex wp-container-core-columns-is-layout-9d6595d7 wp-block-columns-is-layout-flex\">\n<div class=\"wp-block-column is-layout-flow wp-block-column-is-layout-flow\" style=\"flex-basis:66.66%\">\n<figure class=\"wp-block-image size-full\"><img loading=\"lazy\" decoding=\"async\" width=\"1000\" height=\"750\" src=\"https:\/\/isatis.asso.fr\/la-source\/wp-content\/uploads\/sites\/12\/2019\/09\/la-source-accompagnement.jpg\" alt=\"\" class=\"wp-image-76\" srcset=\"https:\/\/isatis.asso.fr\/la-source\/wp-content\/uploads\/sites\/12\/2019\/09\/la-source-accompagnement.jpg 1000w, https:\/\/isatis.asso.fr\/la-source\/wp-content\/uploads\/sites\/12\/2019\/09\/la-source-accompagnement-300x225.jpg 300w, https:\/\/isatis.asso.fr\/la-source\/wp-content\/uploads\/sites\/12\/2019\/09\/la-source-accompagnement-768x576.jpg 768w\" sizes=\"auto, (max-width: 1000px) 100vw, 1000px\" \/><\/figure>\n<\/div>\n\n\n\n<div class=\"wp-block-column is-layout-flow wp-block-column-is-layout-flow\" style=\"flex-basis:33.33%\">\n<p> D\u00e8s votre arriv\u00e9e, l\u2019\u00e9quipe va \u00eatre attentive \u00e0 vos habitudes de vie pour faciliter votre int\u00e9gration. Le projet d\u2019accompagnement individualis\u00e9 est d\u00e9fini avec la personne accueillie et\/ou ses proches. Il est bas\u00e9 sur les attentes et les souhaits et organise le quotidien de la mani\u00e8re la plus adapt\u00e9e \u00e0 la personne. Une attention toute particuli\u00e8re est donn\u00e9e sur les droits des habitants de l\u2019\u00e9tablissement. <\/p>\n<\/div>\n<\/div>\n\n\n\n<h2 class=\"wp-block-heading\">Les soins<\/h2>\n\n\n\n<div class=\"wp-block-columns is-layout-flex wp-container-core-columns-is-layout-9d6595d7 wp-block-columns-is-layout-flex\">\n<div class=\"wp-block-column is-layout-flow wp-block-column-is-layout-flow\" style=\"flex-basis:66.66%\">\n<figure class=\"wp-block-image size-large\"><img loading=\"lazy\" decoding=\"async\" width=\"768\" height=\"1024\" src=\"https:\/\/isatis.asso.fr\/la-source\/wp-content\/uploads\/sites\/12\/2020\/03\/brigitte-soins-768x1024.jpg\" alt=\"\" class=\"wp-image-155\" srcset=\"https:\/\/isatis.asso.fr\/la-source\/wp-content\/uploads\/sites\/12\/2020\/03\/brigitte-soins-768x1024.jpg 768w, https:\/\/isatis.asso.fr\/la-source\/wp-content\/uploads\/sites\/12\/2020\/03\/brigitte-soins-225x300.jpg 225w, https:\/\/isatis.asso.fr\/la-source\/wp-content\/uploads\/sites\/12\/2020\/03\/brigitte-soins-1152x1536.jpg 1152w, https:\/\/isatis.asso.fr\/la-source\/wp-content\/uploads\/sites\/12\/2020\/03\/brigitte-soins-1536x2048.jpg 1536w, https:\/\/isatis.asso.fr\/la-source\/wp-content\/uploads\/sites\/12\/2020\/03\/brigitte-soins-750x1000.jpg 750w, https:\/\/isatis.asso.fr\/la-source\/wp-content\/uploads\/sites\/12\/2020\/03\/brigitte-soins-scaled.jpg 1920w\" sizes=\"auto, (max-width: 768px) 100vw, 768px\" \/><\/figure>\n<\/div>\n\n\n\n<div class=\"wp-block-column is-layout-flow wp-block-column-is-layout-flow\" style=\"flex-basis:33.33%\">\n<p> Une \u00e9quipe de professionnels encadr\u00e9e par le m\u00e9decin coordonnateur et le cadre infirmier, met en \u0153uvre le projet de soins de l\u2019\u00e9tablissement qui privil\u00e9gie la coh\u00e9rence et la continuit\u00e9 des soins, le maintien de l\u2019autonomie et la pr\u00e9vention des risques. <\/p>\n<\/div>\n<\/div>\n\n\n\n<h2 class=\"wp-block-heading\">L\u2019unit\u00e9 prot\u00e9g\u00e9e<\/h2>\n\n\n\n<p> Les r\u00e9sidents atteints de d\u00e9sorientation et d\u00e9ambulation, ou ayant besoin d\u2019un espace de vie plus restreint peuvent \u00eatre accueillis au sein d\u2019une unit\u00e9 prot\u00e9g\u00e9e.<\/p>\n\n\n\n<div style=\"height:50px\" aria-hidden=\"true\" class=\"wp-block-spacer\"><\/div>\n\n\n\n<h2 class=\"wp-block-heading\">L\u2019animation <\/h2>\n\n\n\n<div class=\"wp-block-columns is-layout-flex wp-container-core-columns-is-layout-9d6595d7 wp-block-columns-is-layout-flex\">\n<div class=\"wp-block-column is-layout-flow wp-block-column-is-layout-flow\" style=\"flex-basis:66.66%\">\n<figure class=\"wp-block-image size-large\"><img loading=\"lazy\" decoding=\"async\" width=\"1000\" height=\"750\" src=\"https:\/\/isatis.asso.fr\/la-source\/wp-content\/uploads\/sites\/12\/2019\/09\/la-source-anim.jpg\" alt=\"\" class=\"wp-image-77\" srcset=\"https:\/\/isatis.asso.fr\/la-source\/wp-content\/uploads\/sites\/12\/2019\/09\/la-source-anim.jpg 1000w, https:\/\/isatis.asso.fr\/la-source\/wp-content\/uploads\/sites\/12\/2019\/09\/la-source-anim-300x225.jpg 300w, https:\/\/isatis.asso.fr\/la-source\/wp-content\/uploads\/sites\/12\/2019\/09\/la-source-anim-768x576.jpg 768w\" sizes=\"auto, (max-width: 1000px) 100vw, 1000px\" \/><\/figure>\n<\/div>\n\n\n\n<div class=\"wp-block-column is-layout-flow wp-block-column-is-layout-flow\" style=\"flex-basis:33.33%\">\n<p>Le programme d\u2019activit\u00e9s hebdomadaire vari\u00e9 est propos\u00e9 pour permettre \u00e0 chacun de partager des moments de convivialit\u00e9 tout en mobilisant les capacit\u00e9s physiques et cognitives. Il est compl\u00e9t\u00e9 par des \u00e9v\u00e9nements ponctuels et par la pr\u00e9sence de b\u00e9n\u00e9voles. <\/p>\n<\/div>\n<\/div>\n","protected":false},"excerpt":{"rendered":"<p>Le lieu de vie Nous proposons 75 chambres individuelles r\u00e9parties sur 5 \u00e9tages, \u00e9quip\u00e9es d\u2019une salle de bains et de mobilier, que vous pouvez personnaliser. La chambre est consid\u00e9r\u00e9e comme un lieu de vie des habitants. L\u2019espace de vie collectif principal est au rez-de-chauss\u00e9e comprenant le restaurant, la v\u00e9randa, la biblioth\u00e8que et le salon. Chaque [&hellip;]<\/p>\n","protected":false},"author":1,"featured_media":0,"parent":2,"menu_order":2,"comment_status":"closed","ping_status":"closed","template":"","meta":{"_acf_changed":false,"footnotes":""},"class_list":["post-5","page","type-page","status-publish","hentry"],"acf":[],"yoast_head":"<!-- This site is optimized with the Yoast SEO plugin v27.3 - https:\/\/yoast.com\/product\/yoast-seo-wordpress\/ -->\n<title>Description - La Source<\/title>\n<meta name=\"robots\" content=\"index, follow, max-snippet:-1, max-image-preview:large, max-video-preview:-1\" \/>\n<link rel=\"canonical\" href=\"https:\/\/isatis.asso.fr\/la-source\/ehpad\/description\/\" \/>\n<meta property=\"og:locale\" content=\"fr_FR\" \/>\n<meta property=\"og:type\" content=\"article\" \/>\n<meta property=\"og:title\" content=\"Description - La Source\" \/>\n<meta property=\"og:description\" content=\"Le lieu de vie Nous proposons 75 chambres individuelles r\u00e9parties sur 5 \u00e9tages, \u00e9quip\u00e9es d\u2019une salle de bains et de mobilier, que vous pouvez personnaliser. La chambre est consid\u00e9r\u00e9e comme un lieu de vie des habitants. L\u2019espace de vie collectif principal est au rez-de-chauss\u00e9e comprenant le restaurant, la v\u00e9randa, la biblioth\u00e8que et le salon. Chaque [&hellip;]\" \/>\n<meta property=\"og:url\" content=\"https:\/\/isatis.asso.fr\/la-source\/ehpad\/description\/\" \/>\n<meta property=\"og:site_name\" content=\"La Source\" \/>\n<meta property=\"article:modified_time\" content=\"2020-07-10T13:35:15+00:00\" \/>\n<meta property=\"og:image\" content=\"https:\/\/isatis.asso.fr\/la-source\/wp-content\/uploads\/sites\/12\/2019\/09\/la-source-lieu.jpg\" \/>\n<meta name=\"twitter:card\" content=\"summary_large_image\" \/>\n<meta name=\"twitter:label1\" content=\"Dur\u00e9e de lecture estim\u00e9e\" \/>\n\t<meta name=\"twitter:data1\" content=\"1 minute\" \/>\n<script type=\"application\/ld+json\" class=\"yoast-schema-graph\">{\"@context\":\"https:\\\/\\\/schema.org\",\"@graph\":[{\"@type\":\"WebPage\",\"@id\":\"https:\\\/\\\/isatis.asso.fr\\\/la-source\\\/ehpad\\\/description\\\/\",\"url\":\"https:\\\/\\\/isatis.asso.fr\\\/la-source\\\/ehpad\\\/description\\\/\",\"name\":\"Description - La Source\",\"isPartOf\":{\"@id\":\"https:\\\/\\\/isatis.asso.fr\\\/la-source\\\/#website\"},\"primaryImageOfPage\":{\"@id\":\"https:\\\/\\\/isatis.asso.fr\\\/la-source\\\/ehpad\\\/description\\\/#primaryimage\"},\"image\":{\"@id\":\"https:\\\/\\\/isatis.asso.fr\\\/la-source\\\/ehpad\\\/description\\\/#primaryimage\"},\"thumbnailUrl\":\"https:\\\/\\\/isatis.asso.fr\\\/la-source\\\/wp-content\\\/uploads\\\/sites\\\/12\\\/2019\\\/09\\\/la-source-lieu.jpg\",\"datePublished\":\"2019-06-25T12:34:14+00:00\",\"dateModified\":\"2020-07-10T13:35:15+00:00\",\"breadcrumb\":{\"@id\":\"https:\\\/\\\/isatis.asso.fr\\\/la-source\\\/ehpad\\\/description\\\/#breadcrumb\"},\"inLanguage\":\"fr-FR\",\"potentialAction\":[{\"@type\":\"ReadAction\",\"target\":[\"https:\\\/\\\/isatis.asso.fr\\\/la-source\\\/ehpad\\\/description\\\/\"]}]},{\"@type\":\"ImageObject\",\"inLanguage\":\"fr-FR\",\"@id\":\"https:\\\/\\\/isatis.asso.fr\\\/la-source\\\/ehpad\\\/description\\\/#primaryimage\",\"url\":\"https:\\\/\\\/isatis.asso.fr\\\/la-source\\\/wp-content\\\/uploads\\\/sites\\\/12\\\/2019\\\/09\\\/la-source-lieu.jpg\",\"contentUrl\":\"https:\\\/\\\/isatis.asso.fr\\\/la-source\\\/wp-content\\\/uploads\\\/sites\\\/12\\\/2019\\\/09\\\/la-source-lieu.jpg\",\"width\":1000,\"height\":750},{\"@type\":\"BreadcrumbList\",\"@id\":\"https:\\\/\\\/isatis.asso.fr\\\/la-source\\\/ehpad\\\/description\\\/#breadcrumb\",\"itemListElement\":[{\"@type\":\"ListItem\",\"position\":1,\"name\":\"Accueil\",\"item\":\"https:\\\/\\\/isatis.asso.fr\\\/la-source\\\/\"},{\"@type\":\"ListItem\",\"position\":2,\"name\":\"Pr\u00e9sentation\",\"item\":\"https:\\\/\\\/isatis.asso.fr\\\/la-source\\\/\"},{\"@type\":\"ListItem\",\"position\":3,\"name\":\"Description\"}]},{\"@type\":\"WebSite\",\"@id\":\"https:\\\/\\\/isatis.asso.fr\\\/la-source\\\/#website\",\"url\":\"https:\\\/\\\/isatis.asso.fr\\\/la-source\\\/\",\"name\":\"La Source\",\"description\":\"EHPAD - UNIT\u00c9 DE VIE PROT\u00c9G\u00c9E\",\"potentialAction\":[{\"@type\":\"SearchAction\",\"target\":{\"@type\":\"EntryPoint\",\"urlTemplate\":\"https:\\\/\\\/isatis.asso.fr\\\/la-source\\\/?s={search_term_string}\"},\"query-input\":{\"@type\":\"PropertyValueSpecification\",\"valueRequired\":true,\"valueName\":\"search_term_string\"}}],\"inLanguage\":\"fr-FR\"}]}<\/script>\n<!-- \/ Yoast SEO plugin. -->","yoast_head_json":{"title":"Description - La Source","robots":{"index":"index","follow":"follow","max-snippet":"max-snippet:-1","max-image-preview":"max-image-preview:large","max-video-preview":"max-video-preview:-1"},"canonical":"https:\/\/isatis.asso.fr\/la-source\/ehpad\/description\/","og_locale":"fr_FR","og_type":"article","og_title":"Description - La Source","og_description":"Le lieu de vie Nous proposons 75 chambres individuelles r\u00e9parties sur 5 \u00e9tages, \u00e9quip\u00e9es d\u2019une salle de bains et de mobilier, que vous pouvez personnaliser. La chambre est consid\u00e9r\u00e9e comme un lieu de vie des habitants. L\u2019espace de vie collectif principal est au rez-de-chauss\u00e9e comprenant le restaurant, la v\u00e9randa, la biblioth\u00e8que et le salon. Chaque [&hellip;]","og_url":"https:\/\/isatis.asso.fr\/la-source\/ehpad\/description\/","og_site_name":"La Source","article_modified_time":"2020-07-10T13:35:15+00:00","og_image":[{"url":"https:\/\/isatis.asso.fr\/la-source\/wp-content\/uploads\/sites\/12\/2019\/09\/la-source-lieu.jpg","type":"","width":"","height":""}],"twitter_card":"summary_large_image","twitter_misc":{"Dur\u00e9e de lecture estim\u00e9e":"1 minute"},"schema":{"@context":"https:\/\/schema.org","@graph":[{"@type":"WebPage","@id":"https:\/\/isatis.asso.fr\/la-source\/ehpad\/description\/","url":"https:\/\/isatis.asso.fr\/la-source\/ehpad\/description\/","name":"Description - La Source","isPartOf":{"@id":"https:\/\/isatis.asso.fr\/la-source\/#website"},"primaryImageOfPage":{"@id":"https:\/\/isatis.asso.fr\/la-source\/ehpad\/description\/#primaryimage"},"image":{"@id":"https:\/\/isatis.asso.fr\/la-source\/ehpad\/description\/#primaryimage"},"thumbnailUrl":"https:\/\/isatis.asso.fr\/la-source\/wp-content\/uploads\/sites\/12\/2019\/09\/la-source-lieu.jpg","datePublished":"2019-06-25T12:34:14+00:00","dateModified":"2020-07-10T13:35:15+00:00","breadcrumb":{"@id":"https:\/\/isatis.asso.fr\/la-source\/ehpad\/description\/#breadcrumb"},"inLanguage":"fr-FR","potentialAction":[{"@type":"ReadAction","target":["https:\/\/isatis.asso.fr\/la-source\/ehpad\/description\/"]}]},{"@type":"ImageObject","inLanguage":"fr-FR","@id":"https:\/\/isatis.asso.fr\/la-source\/ehpad\/description\/#primaryimage","url":"https:\/\/isatis.asso.fr\/la-source\/wp-content\/uploads\/sites\/12\/2019\/09\/la-source-lieu.jpg","contentUrl":"https:\/\/isatis.asso.fr\/la-source\/wp-content\/uploads\/sites\/12\/2019\/09\/la-source-lieu.jpg","width":1000,"height":750},{"@type":"BreadcrumbList","@id":"https:\/\/isatis.asso.fr\/la-source\/ehpad\/description\/#breadcrumb","itemListElement":[{"@type":"ListItem","position":1,"name":"Accueil","item":"https:\/\/isatis.asso.fr\/la-source\/"},{"@type":"ListItem","position":2,"name":"Pr\u00e9sentation","item":"https:\/\/isatis.asso.fr\/la-source\/"},{"@type":"ListItem","position":3,"name":"Description"}]},{"@type":"WebSite","@id":"https:\/\/isatis.asso.fr\/la-source\/#website","url":"https:\/\/isatis.asso.fr\/la-source\/","name":"La Source","description":"EHPAD - UNIT\u00c9 DE VIE PROT\u00c9G\u00c9E","potentialAction":[{"@type":"SearchAction","target":{"@type":"EntryPoint","urlTemplate":"https:\/\/isatis.asso.fr\/la-source\/?s={search_term_string}"},"query-input":{"@type":"PropertyValueSpecification","valueRequired":true,"valueName":"search_term_string"}}],"inLanguage":"fr-FR"}]}},"_links":{"self":[{"href":"https:\/\/isatis.asso.fr\/la-source\/wp-json\/wp\/v2\/pages\/5","targetHints":{"allow":["GET"]}}],"collection":[{"href":"https:\/\/isatis.asso.fr\/la-source\/wp-json\/wp\/v2\/pages"}],"about":[{"href":"https:\/\/isatis.asso.fr\/la-source\/wp-json\/wp\/v2\/types\/page"}],"author":[{"embeddable":true,"href":"https:\/\/isatis.asso.fr\/la-source\/wp-json\/wp\/v2\/users\/1"}],"replies":[{"embeddable":true,"href":"https:\/\/isatis.asso.fr\/la-source\/wp-json\/wp\/v2\/comments?post=5"}],"version-history":[{"count":10,"href":"https:\/\/isatis.asso.fr\/la-source\/wp-json\/wp\/v2\/pages\/5\/revisions"}],"predecessor-version":[{"id":197,"href":"https:\/\/isatis.asso.fr\/la-source\/wp-json\/wp\/v2\/pages\/5\/revisions\/197"}],"up":[{"embeddable":true,"href":"https:\/\/isatis.asso.fr\/la-source\/wp-json\/wp\/v2\/pages\/2"}],"wp:attachment":[{"href":"https:\/\/isatis.asso.fr\/la-source\/wp-json\/wp\/v2\/media?parent=5"}],"curies":[{"name":"wp","href":"https:\/\/api.w.org\/{rel}","templated":true}]}}