{"id":5,"date":"2019-06-25T14:34:14","date_gmt":"2019-06-25T12:34:14","guid":{"rendered":"https:\/\/isatis.asso.fr\/maison-du-soleil\/?page_id=5"},"modified":"2019-12-03T16:03:06","modified_gmt":"2019-12-03T15:03:06","slug":"description","status":"publish","type":"page","link":"https:\/\/isatis.asso.fr\/la-maison-du-soleil\/ehpad\/description\/","title":{"rendered":"Description"},"content":{"rendered":"\n<h2 class=\"wp-block-heading\">Le lieu de vie <\/h2>\n\n\n\n<div class=\"wp-block-columns is-layout-flex wp-container-core-columns-is-layout-9d6595d7 wp-block-columns-is-layout-flex\">\n<div class=\"wp-block-column is-layout-flow wp-block-column-is-layout-flow\" style=\"flex-basis:66.66%\">\n<figure class=\"wp-block-image size-large\"><img loading=\"lazy\" decoding=\"async\" width=\"1024\" height=\"681\" src=\"https:\/\/isatis.asso.fr\/la-maison-du-soleil\/wp-content\/uploads\/sites\/24\/2019\/10\/maison-du-soleil-lieu-1024x681.jpg\" alt=\"\" class=\"wp-image-81\" srcset=\"https:\/\/isatis.asso.fr\/la-maison-du-soleil\/wp-content\/uploads\/sites\/24\/2019\/10\/maison-du-soleil-lieu-1024x681.jpg 1024w, https:\/\/isatis.asso.fr\/la-maison-du-soleil\/wp-content\/uploads\/sites\/24\/2019\/10\/maison-du-soleil-lieu-300x200.jpg 300w, https:\/\/isatis.asso.fr\/la-maison-du-soleil\/wp-content\/uploads\/sites\/24\/2019\/10\/maison-du-soleil-lieu-768x511.jpg 768w, https:\/\/isatis.asso.fr\/la-maison-du-soleil\/wp-content\/uploads\/sites\/24\/2019\/10\/maison-du-soleil-lieu-270x180.jpg 270w, https:\/\/isatis.asso.fr\/la-maison-du-soleil\/wp-content\/uploads\/sites\/24\/2019\/10\/maison-du-soleil-lieu.jpg 1500w\" sizes=\"auto, (max-width: 1024px) 100vw, 1024px\" \/><\/figure>\n<\/div>\n\n\n\n<div class=\"wp-block-column is-layout-flow wp-block-column-is-layout-flow\" style=\"flex-basis:33.33%\">\n<p>Nos 79 chambres individuelles disposent d\u2019une salle de bain et sont \u00e9quip\u00e9es d\u2019un mobilier que vous pouvez personnaliser selon vos go\u00fbts.<\/p>\n\n\n\n<p>A chaque \u00e9tage se trouvent une tisanerie et un salon de repos\/t\u00e9l\u00e9vision.<\/p>\n\n\n\n<p>L\u2019espace collectif principal, au rez-de-chauss\u00e9e, comprend l\u2019accueil, le restaurant et une grande salle d\u2019activit\u00e9s. L\u2019espace est ouvert sur la rue et sur un petit jardin \u00e0 l\u2019arri\u00e8re.<\/p>\n\n\n\n<p>L\u2019\u00e9tablissement dispose \u00e9galement d\u2019un salon de coiffure et d\u2019un espace de relaxation (type snoezelen).<\/p>\n<\/div>\n<\/div>\n\n\n\n<h2 class=\"wp-block-heading\">L\u2019accompagnement <\/h2>\n\n\n\n<div class=\"wp-block-columns is-layout-flex wp-container-core-columns-is-layout-9d6595d7 wp-block-columns-is-layout-flex\">\n<div class=\"wp-block-column is-layout-flow wp-block-column-is-layout-flow\" style=\"flex-basis:66.66%\">\n<figure class=\"wp-block-image size-large\"><img loading=\"lazy\" decoding=\"async\" width=\"1024\" height=\"681\" src=\"https:\/\/isatis.asso.fr\/la-maison-du-soleil\/wp-content\/uploads\/sites\/24\/2019\/10\/maison-du-soleil-accompagnement-1024x681.jpg\" alt=\"\" class=\"wp-image-78\" srcset=\"https:\/\/isatis.asso.fr\/la-maison-du-soleil\/wp-content\/uploads\/sites\/24\/2019\/10\/maison-du-soleil-accompagnement-1024x681.jpg 1024w, https:\/\/isatis.asso.fr\/la-maison-du-soleil\/wp-content\/uploads\/sites\/24\/2019\/10\/maison-du-soleil-accompagnement-300x200.jpg 300w, https:\/\/isatis.asso.fr\/la-maison-du-soleil\/wp-content\/uploads\/sites\/24\/2019\/10\/maison-du-soleil-accompagnement-768x511.jpg 768w, https:\/\/isatis.asso.fr\/la-maison-du-soleil\/wp-content\/uploads\/sites\/24\/2019\/10\/maison-du-soleil-accompagnement-270x180.jpg 270w, https:\/\/isatis.asso.fr\/la-maison-du-soleil\/wp-content\/uploads\/sites\/24\/2019\/10\/maison-du-soleil-accompagnement.jpg 1500w\" sizes=\"auto, (max-width: 1024px) 100vw, 1024px\" \/><\/figure>\n<\/div>\n\n\n\n<div class=\"wp-block-column is-layout-flow wp-block-column-is-layout-flow\" style=\"flex-basis:33.33%\">\n<p>Un projet d\u2019accompagnement est d\u00e9fini avec le r\u00e9sident et\/ou ses proches pour tenir compte de ses habitudes de vie et de ses souhaits. L\u2019objectif est de pr\u00e9server les capacit\u00e9s d\u2019autonomie et de mettre en \u0153uvre les soutiens n\u00e9cessaires. <\/p>\n<\/div>\n<\/div>\n\n\n\n<h2 class=\"wp-block-heading\">Les soins <\/h2>\n\n\n\n<div class=\"wp-block-columns is-layout-flex wp-container-core-columns-is-layout-9d6595d7 wp-block-columns-is-layout-flex\">\n<div class=\"wp-block-column is-layout-flow wp-block-column-is-layout-flow\" style=\"flex-basis:66.66%\">\n<figure class=\"wp-block-image size-large\"><img decoding=\"async\" src=\"https:\/\/isatis.asso.fr\/la-maison-du-soleil\/wp-content\/uploads\/sites\/24\/2019\/10\/maison-du-soleil-soins.jpg\" alt=\"\" class=\"wp-image-82\"\/><\/figure>\n<\/div>\n\n\n\n<div class=\"wp-block-column is-layout-flow wp-block-column-is-layout-flow\" style=\"flex-basis:33.33%\">\n<p>Encadr\u00e9e par le m\u00e9decin coordonnateur et le cadre infirmier, l\u2019\u00e9quipe de soins \u00e9tablit le projet de soins en lien avec votre m\u00e9decin traitant. La continuit\u00e9 des soins est assur\u00e9e par l\u2019\u00e9quipe infirmi\u00e8re, les soignants et les intervenants lib\u00e9raux (m\u00e9decins g\u00e9n\u00e9ralistes, kin\u00e9sith\u00e9rapeutes, etc.) <\/p>\n<\/div>\n<\/div>\n\n\n\n<h2 class=\"wp-block-heading\">L\u2019animation<\/h2>\n\n\n\n<div class=\"wp-block-columns is-layout-flex wp-container-core-columns-is-layout-9d6595d7 wp-block-columns-is-layout-flex\">\n<div class=\"wp-block-column is-layout-flow wp-block-column-is-layout-flow\" style=\"flex-basis:66.66%\">\n<figure class=\"wp-block-image size-large\"><img loading=\"lazy\" decoding=\"async\" width=\"1024\" height=\"768\" src=\"https:\/\/isatis.asso.fr\/la-maison-du-soleil\/wp-content\/uploads\/sites\/24\/2019\/10\/maison-du-soleil-anim-1024x768.jpg\" alt=\"\" class=\"wp-image-79\" srcset=\"https:\/\/isatis.asso.fr\/la-maison-du-soleil\/wp-content\/uploads\/sites\/24\/2019\/10\/maison-du-soleil-anim-1024x768.jpg 1024w, https:\/\/isatis.asso.fr\/la-maison-du-soleil\/wp-content\/uploads\/sites\/24\/2019\/10\/maison-du-soleil-anim-300x225.jpg 300w, https:\/\/isatis.asso.fr\/la-maison-du-soleil\/wp-content\/uploads\/sites\/24\/2019\/10\/maison-du-soleil-anim-768x576.jpg 768w, https:\/\/isatis.asso.fr\/la-maison-du-soleil\/wp-content\/uploads\/sites\/24\/2019\/10\/maison-du-soleil-anim-1333x1000.jpg 1333w, https:\/\/isatis.asso.fr\/la-maison-du-soleil\/wp-content\/uploads\/sites\/24\/2019\/10\/maison-du-soleil-anim.jpg 1500w\" sizes=\"auto, (max-width: 1024px) 100vw, 1024px\" \/><\/figure>\n<\/div>\n\n\n\n<div class=\"wp-block-column is-layout-flow wp-block-column-is-layout-flow\" style=\"flex-basis:33.33%\">\n<p>L\u2019animatrice assure r\u00e9guli\u00e8rement un programme d\u2019activit\u00e9s avec un objectif th\u00e9rapeutique pour maintenir et d\u00e9velopper les capacit\u00e9s cognitives et fonctionnelles. Des ateliers cr\u00e9atifs, des \u00e9v\u00e9nements festifs font partie du rythme de vie de l\u2019\u00e9tablissement. <\/p>\n<\/div>\n<\/div>\n","protected":false},"excerpt":{"rendered":"<p>Le lieu de vie Nos 79 chambres individuelles disposent d\u2019une salle de bain et sont \u00e9quip\u00e9es d\u2019un mobilier que vous pouvez personnaliser selon vos go\u00fbts. A chaque \u00e9tage se trouvent une tisanerie et un salon de repos\/t\u00e9l\u00e9vision. L\u2019espace collectif principal, au rez-de-chauss\u00e9e, comprend l\u2019accueil, le restaurant et une grande salle d\u2019activit\u00e9s. L\u2019espace est ouvert sur [&hellip;]<\/p>\n","protected":false},"author":1,"featured_media":0,"parent":2,"menu_order":2,"comment_status":"closed","ping_status":"closed","template":"","meta":{"_acf_changed":false,"footnotes":""},"class_list":["post-5","page","type-page","status-publish","hentry"],"acf":[],"yoast_head":"<!-- This site is optimized with the Yoast SEO plugin v27.3 - https:\/\/yoast.com\/product\/yoast-seo-wordpress\/ -->\n<title>Description - La Maison du Soleil<\/title>\n<meta name=\"robots\" content=\"index, follow, max-snippet:-1, max-image-preview:large, max-video-preview:-1\" \/>\n<link rel=\"canonical\" href=\"https:\/\/isatis.asso.fr\/la-maison-du-soleil\/ehpad\/description\/\" \/>\n<meta property=\"og:locale\" content=\"fr_FR\" \/>\n<meta property=\"og:type\" content=\"article\" \/>\n<meta property=\"og:title\" content=\"Description - La Maison du Soleil\" \/>\n<meta property=\"og:description\" content=\"Le lieu de vie Nos 79 chambres individuelles disposent d\u2019une salle de bain et sont \u00e9quip\u00e9es d\u2019un mobilier que vous pouvez personnaliser selon vos go\u00fbts. A chaque \u00e9tage se trouvent une tisanerie et un salon de repos\/t\u00e9l\u00e9vision. L\u2019espace collectif principal, au rez-de-chauss\u00e9e, comprend l\u2019accueil, le restaurant et une grande salle d\u2019activit\u00e9s. L\u2019espace est ouvert sur [&hellip;]\" \/>\n<meta property=\"og:url\" content=\"https:\/\/isatis.asso.fr\/la-maison-du-soleil\/ehpad\/description\/\" \/>\n<meta property=\"og:site_name\" content=\"La Maison du Soleil\" \/>\n<meta property=\"article:modified_time\" content=\"2019-12-03T15:03:06+00:00\" \/>\n<meta property=\"og:image\" content=\"https:\/\/isatis.asso.fr\/la-maison-du-soleil\/wp-content\/uploads\/sites\/24\/2019\/10\/maison-du-soleil-lieu-1024x681.jpg\" \/>\n<meta name=\"twitter:card\" content=\"summary_large_image\" \/>\n<meta name=\"twitter:label1\" content=\"Dur\u00e9e de lecture estim\u00e9e\" \/>\n\t<meta name=\"twitter:data1\" content=\"1 minute\" \/>\n<script type=\"application\/ld+json\" class=\"yoast-schema-graph\">{\"@context\":\"https:\\\/\\\/schema.org\",\"@graph\":[{\"@type\":\"WebPage\",\"@id\":\"https:\\\/\\\/isatis.asso.fr\\\/la-maison-du-soleil\\\/ehpad\\\/description\\\/\",\"url\":\"https:\\\/\\\/isatis.asso.fr\\\/la-maison-du-soleil\\\/ehpad\\\/description\\\/\",\"name\":\"Description - La Maison du Soleil\",\"isPartOf\":{\"@id\":\"https:\\\/\\\/isatis.asso.fr\\\/la-maison-du-soleil\\\/#website\"},\"primaryImageOfPage\":{\"@id\":\"https:\\\/\\\/isatis.asso.fr\\\/la-maison-du-soleil\\\/ehpad\\\/description\\\/#primaryimage\"},\"image\":{\"@id\":\"https:\\\/\\\/isatis.asso.fr\\\/la-maison-du-soleil\\\/ehpad\\\/description\\\/#primaryimage\"},\"thumbnailUrl\":\"https:\\\/\\\/isatis.asso.fr\\\/la-maison-du-soleil\\\/wp-content\\\/uploads\\\/sites\\\/24\\\/2019\\\/10\\\/maison-du-soleil-lieu-1024x681.jpg\",\"datePublished\":\"2019-06-25T12:34:14+00:00\",\"dateModified\":\"2019-12-03T15:03:06+00:00\",\"breadcrumb\":{\"@id\":\"https:\\\/\\\/isatis.asso.fr\\\/la-maison-du-soleil\\\/ehpad\\\/description\\\/#breadcrumb\"},\"inLanguage\":\"fr-FR\",\"potentialAction\":[{\"@type\":\"ReadAction\",\"target\":[\"https:\\\/\\\/isatis.asso.fr\\\/la-maison-du-soleil\\\/ehpad\\\/description\\\/\"]}]},{\"@type\":\"ImageObject\",\"inLanguage\":\"fr-FR\",\"@id\":\"https:\\\/\\\/isatis.asso.fr\\\/la-maison-du-soleil\\\/ehpad\\\/description\\\/#primaryimage\",\"url\":\"https:\\\/\\\/isatis.asso.fr\\\/la-maison-du-soleil\\\/wp-content\\\/uploads\\\/sites\\\/24\\\/2019\\\/10\\\/maison-du-soleil-lieu.jpg\",\"contentUrl\":\"https:\\\/\\\/isatis.asso.fr\\\/la-maison-du-soleil\\\/wp-content\\\/uploads\\\/sites\\\/24\\\/2019\\\/10\\\/maison-du-soleil-lieu.jpg\",\"width\":1500,\"height\":998},{\"@type\":\"BreadcrumbList\",\"@id\":\"https:\\\/\\\/isatis.asso.fr\\\/la-maison-du-soleil\\\/ehpad\\\/description\\\/#breadcrumb\",\"itemListElement\":[{\"@type\":\"ListItem\",\"position\":1,\"name\":\"Accueil\",\"item\":\"https:\\\/\\\/isatis.asso.fr\\\/la-maison-du-soleil\\\/\"},{\"@type\":\"ListItem\",\"position\":2,\"name\":\"Pr\u00e9sentation\",\"item\":\"https:\\\/\\\/isatis.asso.fr\\\/la-maison-du-soleil\\\/\"},{\"@type\":\"ListItem\",\"position\":3,\"name\":\"Description\"}]},{\"@type\":\"WebSite\",\"@id\":\"https:\\\/\\\/isatis.asso.fr\\\/la-maison-du-soleil\\\/#website\",\"url\":\"https:\\\/\\\/isatis.asso.fr\\\/la-maison-du-soleil\\\/\",\"name\":\"La Maison du Soleil\",\"description\":\"EHPAD - H\u00c9BERGEMENT TEMPORAIRE\",\"potentialAction\":[{\"@type\":\"SearchAction\",\"target\":{\"@type\":\"EntryPoint\",\"urlTemplate\":\"https:\\\/\\\/isatis.asso.fr\\\/la-maison-du-soleil\\\/?s={search_term_string}\"},\"query-input\":{\"@type\":\"PropertyValueSpecification\",\"valueRequired\":true,\"valueName\":\"search_term_string\"}}],\"inLanguage\":\"fr-FR\"}]}<\/script>\n<!-- \/ Yoast SEO plugin. -->","yoast_head_json":{"title":"Description - La Maison du Soleil","robots":{"index":"index","follow":"follow","max-snippet":"max-snippet:-1","max-image-preview":"max-image-preview:large","max-video-preview":"max-video-preview:-1"},"canonical":"https:\/\/isatis.asso.fr\/la-maison-du-soleil\/ehpad\/description\/","og_locale":"fr_FR","og_type":"article","og_title":"Description - La Maison du Soleil","og_description":"Le lieu de vie Nos 79 chambres individuelles disposent d\u2019une salle de bain et sont \u00e9quip\u00e9es d\u2019un mobilier que vous pouvez personnaliser selon vos go\u00fbts. A chaque \u00e9tage se trouvent une tisanerie et un salon de repos\/t\u00e9l\u00e9vision. L\u2019espace collectif principal, au rez-de-chauss\u00e9e, comprend l\u2019accueil, le restaurant et une grande salle d\u2019activit\u00e9s. L\u2019espace est ouvert sur [&hellip;]","og_url":"https:\/\/isatis.asso.fr\/la-maison-du-soleil\/ehpad\/description\/","og_site_name":"La Maison du Soleil","article_modified_time":"2019-12-03T15:03:06+00:00","og_image":[{"url":"https:\/\/isatis.asso.fr\/la-maison-du-soleil\/wp-content\/uploads\/sites\/24\/2019\/10\/maison-du-soleil-lieu-1024x681.jpg","type":"","width":"","height":""}],"twitter_card":"summary_large_image","twitter_misc":{"Dur\u00e9e de lecture estim\u00e9e":"1 minute"},"schema":{"@context":"https:\/\/schema.org","@graph":[{"@type":"WebPage","@id":"https:\/\/isatis.asso.fr\/la-maison-du-soleil\/ehpad\/description\/","url":"https:\/\/isatis.asso.fr\/la-maison-du-soleil\/ehpad\/description\/","name":"Description - La Maison du Soleil","isPartOf":{"@id":"https:\/\/isatis.asso.fr\/la-maison-du-soleil\/#website"},"primaryImageOfPage":{"@id":"https:\/\/isatis.asso.fr\/la-maison-du-soleil\/ehpad\/description\/#primaryimage"},"image":{"@id":"https:\/\/isatis.asso.fr\/la-maison-du-soleil\/ehpad\/description\/#primaryimage"},"thumbnailUrl":"https:\/\/isatis.asso.fr\/la-maison-du-soleil\/wp-content\/uploads\/sites\/24\/2019\/10\/maison-du-soleil-lieu-1024x681.jpg","datePublished":"2019-06-25T12:34:14+00:00","dateModified":"2019-12-03T15:03:06+00:00","breadcrumb":{"@id":"https:\/\/isatis.asso.fr\/la-maison-du-soleil\/ehpad\/description\/#breadcrumb"},"inLanguage":"fr-FR","potentialAction":[{"@type":"ReadAction","target":["https:\/\/isatis.asso.fr\/la-maison-du-soleil\/ehpad\/description\/"]}]},{"@type":"ImageObject","inLanguage":"fr-FR","@id":"https:\/\/isatis.asso.fr\/la-maison-du-soleil\/ehpad\/description\/#primaryimage","url":"https:\/\/isatis.asso.fr\/la-maison-du-soleil\/wp-content\/uploads\/sites\/24\/2019\/10\/maison-du-soleil-lieu.jpg","contentUrl":"https:\/\/isatis.asso.fr\/la-maison-du-soleil\/wp-content\/uploads\/sites\/24\/2019\/10\/maison-du-soleil-lieu.jpg","width":1500,"height":998},{"@type":"BreadcrumbList","@id":"https:\/\/isatis.asso.fr\/la-maison-du-soleil\/ehpad\/description\/#breadcrumb","itemListElement":[{"@type":"ListItem","position":1,"name":"Accueil","item":"https:\/\/isatis.asso.fr\/la-maison-du-soleil\/"},{"@type":"ListItem","position":2,"name":"Pr\u00e9sentation","item":"https:\/\/isatis.asso.fr\/la-maison-du-soleil\/"},{"@type":"ListItem","position":3,"name":"Description"}]},{"@type":"WebSite","@id":"https:\/\/isatis.asso.fr\/la-maison-du-soleil\/#website","url":"https:\/\/isatis.asso.fr\/la-maison-du-soleil\/","name":"La Maison du Soleil","description":"EHPAD - H\u00c9BERGEMENT TEMPORAIRE","potentialAction":[{"@type":"SearchAction","target":{"@type":"EntryPoint","urlTemplate":"https:\/\/isatis.asso.fr\/la-maison-du-soleil\/?s={search_term_string}"},"query-input":{"@type":"PropertyValueSpecification","valueRequired":true,"valueName":"search_term_string"}}],"inLanguage":"fr-FR"}]}},"_links":{"self":[{"href":"https:\/\/isatis.asso.fr\/la-maison-du-soleil\/wp-json\/wp\/v2\/pages\/5","targetHints":{"allow":["GET"]}}],"collection":[{"href":"https:\/\/isatis.asso.fr\/la-maison-du-soleil\/wp-json\/wp\/v2\/pages"}],"about":[{"href":"https:\/\/isatis.asso.fr\/la-maison-du-soleil\/wp-json\/wp\/v2\/types\/page"}],"author":[{"embeddable":true,"href":"https:\/\/isatis.asso.fr\/la-maison-du-soleil\/wp-json\/wp\/v2\/users\/1"}],"replies":[{"embeddable":true,"href":"https:\/\/isatis.asso.fr\/la-maison-du-soleil\/wp-json\/wp\/v2\/comments?post=5"}],"version-history":[{"count":5,"href":"https:\/\/isatis.asso.fr\/la-maison-du-soleil\/wp-json\/wp\/v2\/pages\/5\/revisions"}],"predecessor-version":[{"id":120,"href":"https:\/\/isatis.asso.fr\/la-maison-du-soleil\/wp-json\/wp\/v2\/pages\/5\/revisions\/120"}],"up":[{"embeddable":true,"href":"https:\/\/isatis.asso.fr\/la-maison-du-soleil\/wp-json\/wp\/v2\/pages\/2"}],"wp:attachment":[{"href":"https:\/\/isatis.asso.fr\/la-maison-du-soleil\/wp-json\/wp\/v2\/media?parent=5"}],"curies":[{"name":"wp","href":"https:\/\/api.w.org\/{rel}","templated":true}]}}