{"id":5,"date":"2019-06-25T14:34:14","date_gmt":"2019-06-25T12:34:14","guid":{"rendered":"https:\/\/isatis.asso.fr\/maison-des-vergers\/?page_id=5"},"modified":"2023-05-05T15:31:51","modified_gmt":"2023-05-05T13:31:51","slug":"description","status":"publish","type":"page","link":"https:\/\/isatis.asso.fr\/la-maison-des-vergers\/ehpad\/description\/","title":{"rendered":"Description"},"content":{"rendered":"\n<h2 class=\"wp-block-heading\">Le lieu de vie <\/h2>\n\n\n\n<div class=\"wp-block-columns is-layout-flex wp-container-core-columns-is-layout-9d6595d7 wp-block-columns-is-layout-flex\">\n<div class=\"wp-block-column is-layout-flow wp-block-column-is-layout-flow\" style=\"flex-basis:66.66%\">\n<figure class=\"wp-block-image size-full\"><img loading=\"lazy\" decoding=\"async\" width=\"640\" height=\"426\" src=\"https:\/\/isatis.asso.fr\/la-maison-des-vergers\/wp-content\/uploads\/sites\/25\/2022\/09\/letablissement.jpg\" alt=\"\" class=\"wp-image-573\" srcset=\"https:\/\/isatis.asso.fr\/la-maison-des-vergers\/wp-content\/uploads\/sites\/25\/2022\/09\/letablissement.jpg 640w, https:\/\/isatis.asso.fr\/la-maison-des-vergers\/wp-content\/uploads\/sites\/25\/2022\/09\/letablissement-300x200.jpg 300w, https:\/\/isatis.asso.fr\/la-maison-des-vergers\/wp-content\/uploads\/sites\/25\/2022\/09\/letablissement-270x180.jpg 270w\" sizes=\"auto, (max-width: 640px) 100vw, 640px\" \/><\/figure>\n<\/div>\n\n\n\n<div class=\"wp-block-column is-layout-flow wp-block-column-is-layout-flow\" style=\"flex-basis:33.33%\">\n<p>La r\u00e9partition des 91 chambres individuelles en 3 \u00eelots sur 3 niveaux favorise les relations sociales. Une exposition favorable apporte de la lumi\u00e8re aux circulations.<\/p>\n\n\n\n<p>L&rsquo;organisation des parties communes du rez-de-jardin donnant sur 2 patios et un jardin permet \u00e0 tous de trouver en permanence \u00e0 l&rsquo;accueil, au salon de coiffure, dans les deux restaurants, des activit\u00e9s adapt\u00e9es \u00e0 leurs besoins et \u00e0 leurs souhaits.<\/p>\n<\/div>\n<\/div>\n\n\n\n<h2 class=\"wp-block-heading\">L\u2019accompagnement <\/h2>\n\n\n\n<div class=\"wp-block-columns is-layout-flex wp-container-core-columns-is-layout-9d6595d7 wp-block-columns-is-layout-flex\">\n<div class=\"wp-block-column is-layout-flow wp-block-column-is-layout-flow\" style=\"flex-basis:66.66%\">\n<figure class=\"wp-block-image size-large\"><img loading=\"lazy\" decoding=\"async\" width=\"665\" height=\"1000\" src=\"https:\/\/isatis.asso.fr\/la-maison-des-vergers\/wp-content\/uploads\/sites\/25\/2019\/10\/les-vergers-accompagnement.jpg\" alt=\"\" class=\"wp-image-78\" srcset=\"https:\/\/isatis.asso.fr\/la-maison-des-vergers\/wp-content\/uploads\/sites\/25\/2019\/10\/les-vergers-accompagnement.jpg 665w, https:\/\/isatis.asso.fr\/la-maison-des-vergers\/wp-content\/uploads\/sites\/25\/2019\/10\/les-vergers-accompagnement-200x300.jpg 200w\" sizes=\"auto, (max-width: 665px) 100vw, 665px\" \/><\/figure>\n<\/div>\n\n\n\n<div class=\"wp-block-column is-layout-flow wp-block-column-is-layout-flow\" style=\"flex-basis:33.33%\">\n<p>L\u2019admission s&rsquo;effectue apr\u00e8s visite de l&rsquo;\u00e9tablissement suivie d\u2019un \u00e9change avec l\u2019\u00e9quipe m\u00e9dicale et administrative. De courts s\u00e9jours d&rsquo;adaptation peuvent \u00eatre envisag\u00e9s en fonction des places disponibles. <\/p>\n<\/div>\n<\/div>\n\n\n\n<h2 class=\"wp-block-heading\">Les soins <\/h2>\n\n\n\n<p>Ils sont r\u00e9alis\u00e9s par une \u00e9quipe de professionnels encadr\u00e9e par le m\u00e9decin coordonnateur et le cadre infirmier. Ils mettent en \u0153uvre le projet de soin de l\u2019\u00e9tablissement, en particulier en mati\u00e8re de pr\u00e9vention des risques et de maintien de l\u2019autonomie et r\u00e9alisent les soins prescrits par les m\u00e9decins lib\u00e9raux.<\/p>\n\n\n\n<h2 class=\"wp-block-heading\">Le PASA<\/h2>\n\n\n\n<div class=\"wp-block-columns is-layout-flex wp-container-core-columns-is-layout-9d6595d7 wp-block-columns-is-layout-flex\">\n<div class=\"wp-block-column is-layout-flow wp-block-column-is-layout-flow\" style=\"flex-basis:66.66%\">\n<p> <p>P\u00f4le d\u2019Activit\u00e9s et de Soins Adapt\u00e9s<\/p><span style=\"font-size: revert; color: initial;\">Il proposera un accompagnement au cours de la journ\u00e9e des personnes qui ont des troubles cognitifs et\/ou du comportement mod\u00e9r\u00e9s, avec un programme d\u2019activit\u00e9s adapt\u00e9es aux capacit\u00e9s de chacun.<\/span> <\/p>\n<\/div>\n<\/div>\n\n\n\n<h2 class=\"wp-block-heading\">L\u2019animation <\/h2>\n\n\n\n<div class=\"wp-block-columns is-layout-flex wp-container-core-columns-is-layout-9d6595d7 wp-block-columns-is-layout-flex\">\n<div class=\"wp-block-column is-layout-flow wp-block-column-is-layout-flow\" style=\"flex-basis:66.66%\">\n<figure class=\"wp-block-image size-large\"><img loading=\"lazy\" decoding=\"async\" width=\"1000\" height=\"783\" src=\"https:\/\/isatis.asso.fr\/la-maison-des-vergers\/wp-content\/uploads\/sites\/25\/2019\/10\/les-vergers-anim.jpg\" alt=\"\" class=\"wp-image-79\" srcset=\"https:\/\/isatis.asso.fr\/la-maison-des-vergers\/wp-content\/uploads\/sites\/25\/2019\/10\/les-vergers-anim.jpg 1000w, https:\/\/isatis.asso.fr\/la-maison-des-vergers\/wp-content\/uploads\/sites\/25\/2019\/10\/les-vergers-anim-300x235.jpg 300w, https:\/\/isatis.asso.fr\/la-maison-des-vergers\/wp-content\/uploads\/sites\/25\/2019\/10\/les-vergers-anim-768x601.jpg 768w\" sizes=\"auto, (max-width: 1000px) 100vw, 1000px\" \/><\/figure>\n<\/div>\n\n\n\n<div class=\"wp-block-column is-layout-flow wp-block-column-is-layout-flow\" style=\"flex-basis:33.33%\">\n<p>Le maintien de la vie sociale est une volont\u00e9 partag\u00e9e par l\u2019ensemble de l\u2019\u00e9quipe pluridisciplinaire. Deux animatrices, \u00e0 l&rsquo;enthousiasme pr\u00e9venant, sollicitent chaque jour les r\u00e9sidents pour des activit\u00e9s adapt\u00e9es. <\/p>\n<\/div>\n<\/div>\n","protected":false},"excerpt":{"rendered":"<p>Le lieu de vie La r\u00e9partition des 91 chambres individuelles en 3 \u00eelots sur 3 niveaux favorise les relations sociales. Une exposition favorable apporte de la lumi\u00e8re aux circulations. L&rsquo;organisation des parties communes du rez-de-jardin donnant sur 2 patios et un jardin permet \u00e0 tous de trouver en permanence \u00e0 l&rsquo;accueil, au salon de coiffure, [&hellip;]<\/p>\n","protected":false},"author":1,"featured_media":0,"parent":2,"menu_order":2,"comment_status":"closed","ping_status":"closed","template":"","meta":{"_acf_changed":false,"footnotes":""},"class_list":["post-5","page","type-page","status-publish","hentry"],"acf":[],"yoast_head":"<!-- This site is optimized with the Yoast SEO plugin v27.3 - https:\/\/yoast.com\/product\/yoast-seo-wordpress\/ -->\n<title>Description - La Maison des Vergers<\/title>\n<meta name=\"robots\" content=\"index, follow, max-snippet:-1, max-image-preview:large, max-video-preview:-1\" \/>\n<link rel=\"canonical\" href=\"https:\/\/isatis.asso.fr\/la-maison-des-vergers\/ehpad\/description\/\" \/>\n<meta property=\"og:locale\" content=\"fr_FR\" \/>\n<meta property=\"og:type\" content=\"article\" \/>\n<meta property=\"og:title\" content=\"Description - La Maison des Vergers\" \/>\n<meta property=\"og:description\" content=\"Le lieu de vie La r\u00e9partition des 91 chambres individuelles en 3 \u00eelots sur 3 niveaux favorise les relations sociales. Une exposition favorable apporte de la lumi\u00e8re aux circulations. L&rsquo;organisation des parties communes du rez-de-jardin donnant sur 2 patios et un jardin permet \u00e0 tous de trouver en permanence \u00e0 l&rsquo;accueil, au salon de coiffure, [&hellip;]\" \/>\n<meta property=\"og:url\" content=\"https:\/\/isatis.asso.fr\/la-maison-des-vergers\/ehpad\/description\/\" \/>\n<meta property=\"og:site_name\" content=\"La Maison des Vergers\" \/>\n<meta property=\"article:modified_time\" content=\"2023-05-05T13:31:51+00:00\" \/>\n<meta property=\"og:image\" content=\"https:\/\/isatis.asso.fr\/la-maison-des-vergers\/wp-content\/uploads\/sites\/25\/2022\/09\/letablissement.jpg\" \/>\n<meta name=\"twitter:card\" content=\"summary_large_image\" \/>\n<meta name=\"twitter:label1\" content=\"Dur\u00e9e de lecture estim\u00e9e\" \/>\n\t<meta name=\"twitter:data1\" content=\"2 minutes\" \/>\n<script type=\"application\/ld+json\" class=\"yoast-schema-graph\">{\"@context\":\"https:\\\/\\\/schema.org\",\"@graph\":[{\"@type\":\"WebPage\",\"@id\":\"https:\\\/\\\/isatis.asso.fr\\\/la-maison-des-vergers\\\/ehpad\\\/description\\\/\",\"url\":\"https:\\\/\\\/isatis.asso.fr\\\/la-maison-des-vergers\\\/ehpad\\\/description\\\/\",\"name\":\"Description - La Maison des Vergers\",\"isPartOf\":{\"@id\":\"https:\\\/\\\/isatis.asso.fr\\\/la-maison-des-vergers\\\/#website\"},\"primaryImageOfPage\":{\"@id\":\"https:\\\/\\\/isatis.asso.fr\\\/la-maison-des-vergers\\\/ehpad\\\/description\\\/#primaryimage\"},\"image\":{\"@id\":\"https:\\\/\\\/isatis.asso.fr\\\/la-maison-des-vergers\\\/ehpad\\\/description\\\/#primaryimage\"},\"thumbnailUrl\":\"https:\\\/\\\/isatis.asso.fr\\\/la-maison-des-vergers\\\/wp-content\\\/uploads\\\/sites\\\/25\\\/2022\\\/09\\\/letablissement.jpg\",\"datePublished\":\"2019-06-25T12:34:14+00:00\",\"dateModified\":\"2023-05-05T13:31:51+00:00\",\"breadcrumb\":{\"@id\":\"https:\\\/\\\/isatis.asso.fr\\\/la-maison-des-vergers\\\/ehpad\\\/description\\\/#breadcrumb\"},\"inLanguage\":\"fr-FR\",\"potentialAction\":[{\"@type\":\"ReadAction\",\"target\":[\"https:\\\/\\\/isatis.asso.fr\\\/la-maison-des-vergers\\\/ehpad\\\/description\\\/\"]}]},{\"@type\":\"ImageObject\",\"inLanguage\":\"fr-FR\",\"@id\":\"https:\\\/\\\/isatis.asso.fr\\\/la-maison-des-vergers\\\/ehpad\\\/description\\\/#primaryimage\",\"url\":\"https:\\\/\\\/isatis.asso.fr\\\/la-maison-des-vergers\\\/wp-content\\\/uploads\\\/sites\\\/25\\\/2022\\\/09\\\/letablissement.jpg\",\"contentUrl\":\"https:\\\/\\\/isatis.asso.fr\\\/la-maison-des-vergers\\\/wp-content\\\/uploads\\\/sites\\\/25\\\/2022\\\/09\\\/letablissement.jpg\",\"width\":640,\"height\":426,\"caption\":\"Isatis, La Maison des Vergers, Montreuil, 29 avril 2013, EHPAD\"},{\"@type\":\"BreadcrumbList\",\"@id\":\"https:\\\/\\\/isatis.asso.fr\\\/la-maison-des-vergers\\\/ehpad\\\/description\\\/#breadcrumb\",\"itemListElement\":[{\"@type\":\"ListItem\",\"position\":1,\"name\":\"Accueil\",\"item\":\"https:\\\/\\\/isatis.asso.fr\\\/la-maison-des-vergers\\\/\"},{\"@type\":\"ListItem\",\"position\":2,\"name\":\"Pr\u00e9sentation\",\"item\":\"https:\\\/\\\/isatis.asso.fr\\\/la-maison-des-vergers\\\/\"},{\"@type\":\"ListItem\",\"position\":3,\"name\":\"Description\"}]},{\"@type\":\"WebSite\",\"@id\":\"https:\\\/\\\/isatis.asso.fr\\\/la-maison-des-vergers\\\/#website\",\"url\":\"https:\\\/\\\/isatis.asso.fr\\\/la-maison-des-vergers\\\/\",\"name\":\"La Maison des Vergers\",\"description\":\"EHPAD - H\u00c9BERGEMENT TEMPORAIRE - PASA\",\"potentialAction\":[{\"@type\":\"SearchAction\",\"target\":{\"@type\":\"EntryPoint\",\"urlTemplate\":\"https:\\\/\\\/isatis.asso.fr\\\/la-maison-des-vergers\\\/?s={search_term_string}\"},\"query-input\":{\"@type\":\"PropertyValueSpecification\",\"valueRequired\":true,\"valueName\":\"search_term_string\"}}],\"inLanguage\":\"fr-FR\"}]}<\/script>\n<!-- \/ Yoast SEO plugin. -->","yoast_head_json":{"title":"Description - La Maison des Vergers","robots":{"index":"index","follow":"follow","max-snippet":"max-snippet:-1","max-image-preview":"max-image-preview:large","max-video-preview":"max-video-preview:-1"},"canonical":"https:\/\/isatis.asso.fr\/la-maison-des-vergers\/ehpad\/description\/","og_locale":"fr_FR","og_type":"article","og_title":"Description - La Maison des Vergers","og_description":"Le lieu de vie La r\u00e9partition des 91 chambres individuelles en 3 \u00eelots sur 3 niveaux favorise les relations sociales. Une exposition favorable apporte de la lumi\u00e8re aux circulations. L&rsquo;organisation des parties communes du rez-de-jardin donnant sur 2 patios et un jardin permet \u00e0 tous de trouver en permanence \u00e0 l&rsquo;accueil, au salon de coiffure, [&hellip;]","og_url":"https:\/\/isatis.asso.fr\/la-maison-des-vergers\/ehpad\/description\/","og_site_name":"La Maison des Vergers","article_modified_time":"2023-05-05T13:31:51+00:00","og_image":[{"url":"https:\/\/isatis.asso.fr\/la-maison-des-vergers\/wp-content\/uploads\/sites\/25\/2022\/09\/letablissement.jpg","type":"","width":"","height":""}],"twitter_card":"summary_large_image","twitter_misc":{"Dur\u00e9e de lecture estim\u00e9e":"2 minutes"},"schema":{"@context":"https:\/\/schema.org","@graph":[{"@type":"WebPage","@id":"https:\/\/isatis.asso.fr\/la-maison-des-vergers\/ehpad\/description\/","url":"https:\/\/isatis.asso.fr\/la-maison-des-vergers\/ehpad\/description\/","name":"Description - La Maison des Vergers","isPartOf":{"@id":"https:\/\/isatis.asso.fr\/la-maison-des-vergers\/#website"},"primaryImageOfPage":{"@id":"https:\/\/isatis.asso.fr\/la-maison-des-vergers\/ehpad\/description\/#primaryimage"},"image":{"@id":"https:\/\/isatis.asso.fr\/la-maison-des-vergers\/ehpad\/description\/#primaryimage"},"thumbnailUrl":"https:\/\/isatis.asso.fr\/la-maison-des-vergers\/wp-content\/uploads\/sites\/25\/2022\/09\/letablissement.jpg","datePublished":"2019-06-25T12:34:14+00:00","dateModified":"2023-05-05T13:31:51+00:00","breadcrumb":{"@id":"https:\/\/isatis.asso.fr\/la-maison-des-vergers\/ehpad\/description\/#breadcrumb"},"inLanguage":"fr-FR","potentialAction":[{"@type":"ReadAction","target":["https:\/\/isatis.asso.fr\/la-maison-des-vergers\/ehpad\/description\/"]}]},{"@type":"ImageObject","inLanguage":"fr-FR","@id":"https:\/\/isatis.asso.fr\/la-maison-des-vergers\/ehpad\/description\/#primaryimage","url":"https:\/\/isatis.asso.fr\/la-maison-des-vergers\/wp-content\/uploads\/sites\/25\/2022\/09\/letablissement.jpg","contentUrl":"https:\/\/isatis.asso.fr\/la-maison-des-vergers\/wp-content\/uploads\/sites\/25\/2022\/09\/letablissement.jpg","width":640,"height":426,"caption":"Isatis, La Maison des Vergers, Montreuil, 29 avril 2013, EHPAD"},{"@type":"BreadcrumbList","@id":"https:\/\/isatis.asso.fr\/la-maison-des-vergers\/ehpad\/description\/#breadcrumb","itemListElement":[{"@type":"ListItem","position":1,"name":"Accueil","item":"https:\/\/isatis.asso.fr\/la-maison-des-vergers\/"},{"@type":"ListItem","position":2,"name":"Pr\u00e9sentation","item":"https:\/\/isatis.asso.fr\/la-maison-des-vergers\/"},{"@type":"ListItem","position":3,"name":"Description"}]},{"@type":"WebSite","@id":"https:\/\/isatis.asso.fr\/la-maison-des-vergers\/#website","url":"https:\/\/isatis.asso.fr\/la-maison-des-vergers\/","name":"La Maison des Vergers","description":"EHPAD - H\u00c9BERGEMENT TEMPORAIRE - PASA","potentialAction":[{"@type":"SearchAction","target":{"@type":"EntryPoint","urlTemplate":"https:\/\/isatis.asso.fr\/la-maison-des-vergers\/?s={search_term_string}"},"query-input":{"@type":"PropertyValueSpecification","valueRequired":true,"valueName":"search_term_string"}}],"inLanguage":"fr-FR"}]}},"_links":{"self":[{"href":"https:\/\/isatis.asso.fr\/la-maison-des-vergers\/wp-json\/wp\/v2\/pages\/5","targetHints":{"allow":["GET"]}}],"collection":[{"href":"https:\/\/isatis.asso.fr\/la-maison-des-vergers\/wp-json\/wp\/v2\/pages"}],"about":[{"href":"https:\/\/isatis.asso.fr\/la-maison-des-vergers\/wp-json\/wp\/v2\/types\/page"}],"author":[{"embeddable":true,"href":"https:\/\/isatis.asso.fr\/la-maison-des-vergers\/wp-json\/wp\/v2\/users\/1"}],"replies":[{"embeddable":true,"href":"https:\/\/isatis.asso.fr\/la-maison-des-vergers\/wp-json\/wp\/v2\/comments?post=5"}],"version-history":[{"count":18,"href":"https:\/\/isatis.asso.fr\/la-maison-des-vergers\/wp-json\/wp\/v2\/pages\/5\/revisions"}],"predecessor-version":[{"id":690,"href":"https:\/\/isatis.asso.fr\/la-maison-des-vergers\/wp-json\/wp\/v2\/pages\/5\/revisions\/690"}],"up":[{"embeddable":true,"href":"https:\/\/isatis.asso.fr\/la-maison-des-vergers\/wp-json\/wp\/v2\/pages\/2"}],"wp:attachment":[{"href":"https:\/\/isatis.asso.fr\/la-maison-des-vergers\/wp-json\/wp\/v2\/media?parent=5"}],"curies":[{"name":"wp","href":"https:\/\/api.w.org\/{rel}","templated":true}]}}