{"id":5,"date":"2019-06-25T14:34:14","date_gmt":"2019-06-25T12:34:14","guid":{"rendered":"https:\/\/isatis.asso.fr\/maison-des-ateliers\/?page_id=5"},"modified":"2019-12-03T16:09:51","modified_gmt":"2019-12-03T15:09:51","slug":"description","status":"publish","type":"page","link":"https:\/\/isatis.asso.fr\/la-maison-des-ateliers\/ehpad\/description\/","title":{"rendered":"Description"},"content":{"rendered":"\n<h2 class=\"wp-block-heading\">Le lieu de vie <\/h2>\n\n\n\n<div class=\"wp-block-columns is-layout-flex wp-container-core-columns-is-layout-9d6595d7 wp-block-columns-is-layout-flex\">\n<div class=\"wp-block-column is-layout-flow wp-block-column-is-layout-flow\" style=\"flex-basis:66.66%\">\n<figure class=\"wp-block-image size-large\"><img loading=\"lazy\" decoding=\"async\" width=\"1024\" height=\"768\" src=\"https:\/\/isatis.asso.fr\/la-maison-des-ateliers\/wp-content\/uploads\/sites\/26\/2019\/10\/les-ateliers-lieu-1024x768.jpg\" alt=\"\" class=\"wp-image-79\" srcset=\"https:\/\/isatis.asso.fr\/la-maison-des-ateliers\/wp-content\/uploads\/sites\/26\/2019\/10\/les-ateliers-lieu-1024x768.jpg 1024w, https:\/\/isatis.asso.fr\/la-maison-des-ateliers\/wp-content\/uploads\/sites\/26\/2019\/10\/les-ateliers-lieu-300x225.jpg 300w, https:\/\/isatis.asso.fr\/la-maison-des-ateliers\/wp-content\/uploads\/sites\/26\/2019\/10\/les-ateliers-lieu-768x576.jpg 768w, https:\/\/isatis.asso.fr\/la-maison-des-ateliers\/wp-content\/uploads\/sites\/26\/2019\/10\/les-ateliers-lieu-1333x1000.jpg 1333w, https:\/\/isatis.asso.fr\/la-maison-des-ateliers\/wp-content\/uploads\/sites\/26\/2019\/10\/les-ateliers-lieu.jpg 1500w\" sizes=\"auto, (max-width: 1024px) 100vw, 1024px\" \/><\/figure>\n<\/div>\n\n\n\n<div class=\"wp-block-column is-layout-flow wp-block-column-is-layout-flow\" style=\"flex-basis:33.33%\">\n<p>L\u2019\u00e9tablissement propose deux chambres de couple d\u2019une surface de 35 m\u00b2 environ. Les autres chambres ont une surface de 23 m\u00b2 et sont \u00e9quip\u00e9es d\u2019une salle d\u2019eau et de toilettes individuelles.<\/p>\n\n\n\n<p>Les espaces de vie partag\u00e9s se situent au rez-de-chauss\u00e9e : le restaurant, les salons, les salles d\u2019animation, l\u2019oratoire. Un salon de coiffure, un espace de d\u00e9tente ouvert et une salle de kin\u00e9sith\u00e9rapie se trouvent au 2e \u00e9tage.<\/p>\n<\/div>\n<\/div>\n\n\n\n<h2 class=\"wp-block-heading\">L\u2019accompagnement <\/h2>\n\n\n\n<div class=\"wp-block-columns is-layout-flex wp-container-core-columns-is-layout-9d6595d7 wp-block-columns-is-layout-flex\">\n<div class=\"wp-block-column is-layout-flow wp-block-column-is-layout-flow\" style=\"flex-basis:66.66%\">\n<figure class=\"wp-block-image size-large\"><img loading=\"lazy\" decoding=\"async\" width=\"1024\" height=\"768\" src=\"https:\/\/isatis.asso.fr\/la-maison-des-ateliers\/wp-content\/uploads\/sites\/26\/2019\/10\/les-ateliers-accompagnement-1024x768.jpg\" alt=\"\" class=\"wp-image-77\" srcset=\"https:\/\/isatis.asso.fr\/la-maison-des-ateliers\/wp-content\/uploads\/sites\/26\/2019\/10\/les-ateliers-accompagnement-1024x768.jpg 1024w, https:\/\/isatis.asso.fr\/la-maison-des-ateliers\/wp-content\/uploads\/sites\/26\/2019\/10\/les-ateliers-accompagnement-300x225.jpg 300w, https:\/\/isatis.asso.fr\/la-maison-des-ateliers\/wp-content\/uploads\/sites\/26\/2019\/10\/les-ateliers-accompagnement-768x576.jpg 768w, https:\/\/isatis.asso.fr\/la-maison-des-ateliers\/wp-content\/uploads\/sites\/26\/2019\/10\/les-ateliers-accompagnement.jpg 1333w\" sizes=\"auto, (max-width: 1024px) 100vw, 1024px\" \/><\/figure>\n<\/div>\n\n\n\n<div class=\"wp-block-column is-layout-flow wp-block-column-is-layout-flow\" style=\"flex-basis:33.33%\">\n<p>Le projet d\u2019accompagnement personnalis\u00e9 est \u00e9labor\u00e9 avec la personne accueillie, son r\u00e9f\u00e9rent familial, son r\u00e9f\u00e9rent soignant et le psychologue, en fonction de ses souhaits et de l\u2019\u00e9volution de sa pathologie. <\/p>\n<\/div>\n<\/div>\n\n\n\n<h2 class=\"wp-block-heading\">Les soins<\/h2>\n\n\n\n<div class=\"wp-block-columns is-layout-flex wp-container-core-columns-is-layout-9d6595d7 wp-block-columns-is-layout-flex\">\n<div class=\"wp-block-column is-layout-flow wp-block-column-is-layout-flow\" style=\"flex-basis:66.66%\">\n<figure class=\"wp-block-image size-large\"><img loading=\"lazy\" decoding=\"async\" width=\"1024\" height=\"768\" src=\"https:\/\/isatis.asso.fr\/la-maison-des-ateliers\/wp-content\/uploads\/sites\/26\/2019\/10\/les-ateliers-soins-1024x768.jpg\" alt=\"\" class=\"wp-image-80\" srcset=\"https:\/\/isatis.asso.fr\/la-maison-des-ateliers\/wp-content\/uploads\/sites\/26\/2019\/10\/les-ateliers-soins-1024x768.jpg 1024w, https:\/\/isatis.asso.fr\/la-maison-des-ateliers\/wp-content\/uploads\/sites\/26\/2019\/10\/les-ateliers-soins-300x225.jpg 300w, https:\/\/isatis.asso.fr\/la-maison-des-ateliers\/wp-content\/uploads\/sites\/26\/2019\/10\/les-ateliers-soins-768x576.jpg 768w, https:\/\/isatis.asso.fr\/la-maison-des-ateliers\/wp-content\/uploads\/sites\/26\/2019\/10\/les-ateliers-soins-1333x1000.jpg 1333w, https:\/\/isatis.asso.fr\/la-maison-des-ateliers\/wp-content\/uploads\/sites\/26\/2019\/10\/les-ateliers-soins.jpg 1500w\" sizes=\"auto, (max-width: 1024px) 100vw, 1024px\" \/><\/figure>\n<\/div>\n\n\n\n<div class=\"wp-block-column is-layout-flow wp-block-column-is-layout-flow\" style=\"flex-basis:33.33%\">\n<p>L\u2019\u00e9quipe soignante est pilot\u00e9e par le m\u00e9decin coordonnateur et l\u2019infirmi\u00e8re coordinatrice qui ont la responsabilit\u00e9 de la continuit\u00e9 des soins, la pr\u00e9servation de l\u2019autonomie et la pr\u00e9vention des risques. <\/p>\n<\/div>\n<\/div>\n\n\n\n<h2 class=\"wp-block-heading\">L\u2019animation<\/h2>\n\n\n\n<div class=\"wp-block-columns is-layout-flex wp-container-core-columns-is-layout-9d6595d7 wp-block-columns-is-layout-flex\">\n<div class=\"wp-block-column is-layout-flow wp-block-column-is-layout-flow\" style=\"flex-basis:66.66%\">\n<figure class=\"wp-block-image size-large\"><img loading=\"lazy\" decoding=\"async\" width=\"1024\" height=\"768\" src=\"https:\/\/isatis.asso.fr\/la-maison-des-ateliers\/wp-content\/uploads\/sites\/26\/2019\/10\/les-ateliers-animation-1024x768.jpg\" alt=\"\" class=\"wp-image-85\" srcset=\"https:\/\/isatis.asso.fr\/la-maison-des-ateliers\/wp-content\/uploads\/sites\/26\/2019\/10\/les-ateliers-animation-1024x768.jpg 1024w, https:\/\/isatis.asso.fr\/la-maison-des-ateliers\/wp-content\/uploads\/sites\/26\/2019\/10\/les-ateliers-animation-300x225.jpg 300w, https:\/\/isatis.asso.fr\/la-maison-des-ateliers\/wp-content\/uploads\/sites\/26\/2019\/10\/les-ateliers-animation-768x576.jpg 768w, https:\/\/isatis.asso.fr\/la-maison-des-ateliers\/wp-content\/uploads\/sites\/26\/2019\/10\/les-ateliers-animation-1333x1000.jpg 1333w, https:\/\/isatis.asso.fr\/la-maison-des-ateliers\/wp-content\/uploads\/sites\/26\/2019\/10\/les-ateliers-animation.jpg 1500w\" sizes=\"auto, (max-width: 1024px) 100vw, 1024px\" \/><\/figure>\n<\/div>\n\n\n\n<div class=\"wp-block-column is-layout-flow wp-block-column-is-layout-flow\" style=\"flex-basis:33.33%\">\n<p>Une animation est propos\u00e9e 7 jours sur 7, en fonction des attentes de chacun\u00a0: des activit\u00e9s r\u00e9guli\u00e8res, des animations ponctuelles, les f\u00eates d\u2019anniversaire, les \u00e9v\u00e9nements traditionnels, &#8230;. Les personnes les plus autonomes b\u00e9n\u00e9ficient d\u2019activit\u00e9s vari\u00e9es au rez-de-chauss\u00e9e. Au 1er \u00e9tage, la maison pr\u00e9voit des activit\u00e9s adapt\u00e9es aux pathologies des personnes prises en charge dans un espace s\u00e9curis\u00e9. <\/p>\n<\/div>\n<\/div>\n","protected":false},"excerpt":{"rendered":"<p>Le lieu de vie L\u2019\u00e9tablissement propose deux chambres de couple d\u2019une surface de 35 m\u00b2 environ. Les autres chambres ont une surface de 23 m\u00b2 et sont \u00e9quip\u00e9es d\u2019une salle d\u2019eau et de toilettes individuelles. Les espaces de vie partag\u00e9s se situent au rez-de-chauss\u00e9e : le restaurant, les salons, les salles d\u2019animation, l\u2019oratoire. Un salon [&hellip;]<\/p>\n","protected":false},"author":1,"featured_media":0,"parent":2,"menu_order":2,"comment_status":"closed","ping_status":"closed","template":"","meta":{"_acf_changed":false,"footnotes":""},"class_list":["post-5","page","type-page","status-publish","hentry"],"acf":[],"yoast_head":"<!-- This site is optimized with the Yoast SEO plugin v27.3 - https:\/\/yoast.com\/product\/yoast-seo-wordpress\/ -->\n<title>Description - La Maison des Ateliers<\/title>\n<meta name=\"robots\" content=\"index, follow, max-snippet:-1, max-image-preview:large, max-video-preview:-1\" \/>\n<link rel=\"canonical\" href=\"https:\/\/isatis.asso.fr\/la-maison-des-ateliers\/ehpad\/description\/\" \/>\n<meta property=\"og:locale\" content=\"fr_FR\" \/>\n<meta property=\"og:type\" content=\"article\" \/>\n<meta property=\"og:title\" content=\"Description - La Maison des Ateliers\" \/>\n<meta property=\"og:description\" content=\"Le lieu de vie L\u2019\u00e9tablissement propose deux chambres de couple d\u2019une surface de 35 m\u00b2 environ. Les autres chambres ont une surface de 23 m\u00b2 et sont \u00e9quip\u00e9es d\u2019une salle d\u2019eau et de toilettes individuelles. Les espaces de vie partag\u00e9s se situent au rez-de-chauss\u00e9e : le restaurant, les salons, les salles d\u2019animation, l\u2019oratoire. Un salon [&hellip;]\" \/>\n<meta property=\"og:url\" content=\"https:\/\/isatis.asso.fr\/la-maison-des-ateliers\/ehpad\/description\/\" \/>\n<meta property=\"og:site_name\" content=\"La Maison des Ateliers\" \/>\n<meta property=\"article:modified_time\" content=\"2019-12-03T15:09:51+00:00\" \/>\n<meta property=\"og:image\" content=\"https:\/\/isatis.asso.fr\/la-maison-des-ateliers\/wp-content\/uploads\/sites\/26\/2019\/10\/les-ateliers-lieu-1024x768.jpg\" \/>\n<meta name=\"twitter:card\" content=\"summary_large_image\" \/>\n<meta name=\"twitter:label1\" content=\"Dur\u00e9e de lecture estim\u00e9e\" \/>\n\t<meta name=\"twitter:data1\" content=\"1 minute\" \/>\n<script type=\"application\/ld+json\" class=\"yoast-schema-graph\">{\"@context\":\"https:\\\/\\\/schema.org\",\"@graph\":[{\"@type\":\"WebPage\",\"@id\":\"https:\\\/\\\/isatis.asso.fr\\\/la-maison-des-ateliers\\\/ehpad\\\/description\\\/\",\"url\":\"https:\\\/\\\/isatis.asso.fr\\\/la-maison-des-ateliers\\\/ehpad\\\/description\\\/\",\"name\":\"Description - La Maison des Ateliers\",\"isPartOf\":{\"@id\":\"https:\\\/\\\/isatis.asso.fr\\\/la-maison-des-ateliers\\\/#website\"},\"primaryImageOfPage\":{\"@id\":\"https:\\\/\\\/isatis.asso.fr\\\/la-maison-des-ateliers\\\/ehpad\\\/description\\\/#primaryimage\"},\"image\":{\"@id\":\"https:\\\/\\\/isatis.asso.fr\\\/la-maison-des-ateliers\\\/ehpad\\\/description\\\/#primaryimage\"},\"thumbnailUrl\":\"https:\\\/\\\/isatis.asso.fr\\\/la-maison-des-ateliers\\\/wp-content\\\/uploads\\\/sites\\\/26\\\/2019\\\/10\\\/les-ateliers-lieu-1024x768.jpg\",\"datePublished\":\"2019-06-25T12:34:14+00:00\",\"dateModified\":\"2019-12-03T15:09:51+00:00\",\"breadcrumb\":{\"@id\":\"https:\\\/\\\/isatis.asso.fr\\\/la-maison-des-ateliers\\\/ehpad\\\/description\\\/#breadcrumb\"},\"inLanguage\":\"fr-FR\",\"potentialAction\":[{\"@type\":\"ReadAction\",\"target\":[\"https:\\\/\\\/isatis.asso.fr\\\/la-maison-des-ateliers\\\/ehpad\\\/description\\\/\"]}]},{\"@type\":\"ImageObject\",\"inLanguage\":\"fr-FR\",\"@id\":\"https:\\\/\\\/isatis.asso.fr\\\/la-maison-des-ateliers\\\/ehpad\\\/description\\\/#primaryimage\",\"url\":\"https:\\\/\\\/isatis.asso.fr\\\/la-maison-des-ateliers\\\/wp-content\\\/uploads\\\/sites\\\/26\\\/2019\\\/10\\\/les-ateliers-lieu.jpg\",\"contentUrl\":\"https:\\\/\\\/isatis.asso.fr\\\/la-maison-des-ateliers\\\/wp-content\\\/uploads\\\/sites\\\/26\\\/2019\\\/10\\\/les-ateliers-lieu.jpg\",\"width\":1500,\"height\":1125},{\"@type\":\"BreadcrumbList\",\"@id\":\"https:\\\/\\\/isatis.asso.fr\\\/la-maison-des-ateliers\\\/ehpad\\\/description\\\/#breadcrumb\",\"itemListElement\":[{\"@type\":\"ListItem\",\"position\":1,\"name\":\"Accueil\",\"item\":\"https:\\\/\\\/isatis.asso.fr\\\/la-maison-des-ateliers\\\/\"},{\"@type\":\"ListItem\",\"position\":2,\"name\":\"Pr\u00e9sentation\",\"item\":\"https:\\\/\\\/isatis.asso.fr\\\/la-maison-des-ateliers\\\/\"},{\"@type\":\"ListItem\",\"position\":3,\"name\":\"Description\"}]},{\"@type\":\"WebSite\",\"@id\":\"https:\\\/\\\/isatis.asso.fr\\\/la-maison-des-ateliers\\\/#website\",\"url\":\"https:\\\/\\\/isatis.asso.fr\\\/la-maison-des-ateliers\\\/\",\"name\":\"La Maison des Ateliers\",\"description\":\"EHPAD - H\u00c9BERGEMENT TEMPORAIRE\",\"potentialAction\":[{\"@type\":\"SearchAction\",\"target\":{\"@type\":\"EntryPoint\",\"urlTemplate\":\"https:\\\/\\\/isatis.asso.fr\\\/la-maison-des-ateliers\\\/?s={search_term_string}\"},\"query-input\":{\"@type\":\"PropertyValueSpecification\",\"valueRequired\":true,\"valueName\":\"search_term_string\"}}],\"inLanguage\":\"fr-FR\"}]}<\/script>\n<!-- \/ Yoast SEO plugin. -->","yoast_head_json":{"title":"Description - La Maison des Ateliers","robots":{"index":"index","follow":"follow","max-snippet":"max-snippet:-1","max-image-preview":"max-image-preview:large","max-video-preview":"max-video-preview:-1"},"canonical":"https:\/\/isatis.asso.fr\/la-maison-des-ateliers\/ehpad\/description\/","og_locale":"fr_FR","og_type":"article","og_title":"Description - La Maison des Ateliers","og_description":"Le lieu de vie L\u2019\u00e9tablissement propose deux chambres de couple d\u2019une surface de 35 m\u00b2 environ. Les autres chambres ont une surface de 23 m\u00b2 et sont \u00e9quip\u00e9es d\u2019une salle d\u2019eau et de toilettes individuelles. Les espaces de vie partag\u00e9s se situent au rez-de-chauss\u00e9e : le restaurant, les salons, les salles d\u2019animation, l\u2019oratoire. Un salon [&hellip;]","og_url":"https:\/\/isatis.asso.fr\/la-maison-des-ateliers\/ehpad\/description\/","og_site_name":"La Maison des Ateliers","article_modified_time":"2019-12-03T15:09:51+00:00","og_image":[{"url":"https:\/\/isatis.asso.fr\/la-maison-des-ateliers\/wp-content\/uploads\/sites\/26\/2019\/10\/les-ateliers-lieu-1024x768.jpg","type":"","width":"","height":""}],"twitter_card":"summary_large_image","twitter_misc":{"Dur\u00e9e de lecture estim\u00e9e":"1 minute"},"schema":{"@context":"https:\/\/schema.org","@graph":[{"@type":"WebPage","@id":"https:\/\/isatis.asso.fr\/la-maison-des-ateliers\/ehpad\/description\/","url":"https:\/\/isatis.asso.fr\/la-maison-des-ateliers\/ehpad\/description\/","name":"Description - La Maison des Ateliers","isPartOf":{"@id":"https:\/\/isatis.asso.fr\/la-maison-des-ateliers\/#website"},"primaryImageOfPage":{"@id":"https:\/\/isatis.asso.fr\/la-maison-des-ateliers\/ehpad\/description\/#primaryimage"},"image":{"@id":"https:\/\/isatis.asso.fr\/la-maison-des-ateliers\/ehpad\/description\/#primaryimage"},"thumbnailUrl":"https:\/\/isatis.asso.fr\/la-maison-des-ateliers\/wp-content\/uploads\/sites\/26\/2019\/10\/les-ateliers-lieu-1024x768.jpg","datePublished":"2019-06-25T12:34:14+00:00","dateModified":"2019-12-03T15:09:51+00:00","breadcrumb":{"@id":"https:\/\/isatis.asso.fr\/la-maison-des-ateliers\/ehpad\/description\/#breadcrumb"},"inLanguage":"fr-FR","potentialAction":[{"@type":"ReadAction","target":["https:\/\/isatis.asso.fr\/la-maison-des-ateliers\/ehpad\/description\/"]}]},{"@type":"ImageObject","inLanguage":"fr-FR","@id":"https:\/\/isatis.asso.fr\/la-maison-des-ateliers\/ehpad\/description\/#primaryimage","url":"https:\/\/isatis.asso.fr\/la-maison-des-ateliers\/wp-content\/uploads\/sites\/26\/2019\/10\/les-ateliers-lieu.jpg","contentUrl":"https:\/\/isatis.asso.fr\/la-maison-des-ateliers\/wp-content\/uploads\/sites\/26\/2019\/10\/les-ateliers-lieu.jpg","width":1500,"height":1125},{"@type":"BreadcrumbList","@id":"https:\/\/isatis.asso.fr\/la-maison-des-ateliers\/ehpad\/description\/#breadcrumb","itemListElement":[{"@type":"ListItem","position":1,"name":"Accueil","item":"https:\/\/isatis.asso.fr\/la-maison-des-ateliers\/"},{"@type":"ListItem","position":2,"name":"Pr\u00e9sentation","item":"https:\/\/isatis.asso.fr\/la-maison-des-ateliers\/"},{"@type":"ListItem","position":3,"name":"Description"}]},{"@type":"WebSite","@id":"https:\/\/isatis.asso.fr\/la-maison-des-ateliers\/#website","url":"https:\/\/isatis.asso.fr\/la-maison-des-ateliers\/","name":"La Maison des Ateliers","description":"EHPAD - H\u00c9BERGEMENT TEMPORAIRE","potentialAction":[{"@type":"SearchAction","target":{"@type":"EntryPoint","urlTemplate":"https:\/\/isatis.asso.fr\/la-maison-des-ateliers\/?s={search_term_string}"},"query-input":{"@type":"PropertyValueSpecification","valueRequired":true,"valueName":"search_term_string"}}],"inLanguage":"fr-FR"}]}},"_links":{"self":[{"href":"https:\/\/isatis.asso.fr\/la-maison-des-ateliers\/wp-json\/wp\/v2\/pages\/5","targetHints":{"allow":["GET"]}}],"collection":[{"href":"https:\/\/isatis.asso.fr\/la-maison-des-ateliers\/wp-json\/wp\/v2\/pages"}],"about":[{"href":"https:\/\/isatis.asso.fr\/la-maison-des-ateliers\/wp-json\/wp\/v2\/types\/page"}],"author":[{"embeddable":true,"href":"https:\/\/isatis.asso.fr\/la-maison-des-ateliers\/wp-json\/wp\/v2\/users\/1"}],"replies":[{"embeddable":true,"href":"https:\/\/isatis.asso.fr\/la-maison-des-ateliers\/wp-json\/wp\/v2\/comments?post=5"}],"version-history":[{"count":5,"href":"https:\/\/isatis.asso.fr\/la-maison-des-ateliers\/wp-json\/wp\/v2\/pages\/5\/revisions"}],"predecessor-version":[{"id":119,"href":"https:\/\/isatis.asso.fr\/la-maison-des-ateliers\/wp-json\/wp\/v2\/pages\/5\/revisions\/119"}],"up":[{"embeddable":true,"href":"https:\/\/isatis.asso.fr\/la-maison-des-ateliers\/wp-json\/wp\/v2\/pages\/2"}],"wp:attachment":[{"href":"https:\/\/isatis.asso.fr\/la-maison-des-ateliers\/wp-json\/wp\/v2\/media?parent=5"}],"curies":[{"name":"wp","href":"https:\/\/api.w.org\/{rel}","templated":true}]}}