{"id":5,"date":"2019-06-25T14:34:14","date_gmt":"2019-06-25T12:34:14","guid":{"rendered":"https:\/\/isatis.asso.fr\/forestiere\/?page_id=5"},"modified":"2019-12-03T15:44:53","modified_gmt":"2019-12-03T14:44:53","slug":"description","status":"publish","type":"page","link":"https:\/\/isatis.asso.fr\/la-forestiere\/ehpad\/description\/","title":{"rendered":"Description"},"content":{"rendered":"\n<h2 class=\"wp-block-heading\">Le lieu de vie <\/h2>\n\n\n\n<div class=\"wp-block-columns is-layout-flex wp-container-core-columns-is-layout-9d6595d7 wp-block-columns-is-layout-flex\">\n<div class=\"wp-block-column is-layout-flow wp-block-column-is-layout-flow\" style=\"flex-basis:66.66%\">\n<figure class=\"wp-block-image size-large\"><img loading=\"lazy\" decoding=\"async\" width=\"1024\" height=\"768\" src=\"https:\/\/isatis.asso.fr\/la-forestiere\/wp-content\/uploads\/sites\/18\/2019\/10\/la-forestiere-lieu-1024x768.jpg\" alt=\"\" class=\"wp-image-79\" srcset=\"https:\/\/isatis.asso.fr\/la-forestiere\/wp-content\/uploads\/sites\/18\/2019\/10\/la-forestiere-lieu-1024x768.jpg 1024w, https:\/\/isatis.asso.fr\/la-forestiere\/wp-content\/uploads\/sites\/18\/2019\/10\/la-forestiere-lieu-300x225.jpg 300w, https:\/\/isatis.asso.fr\/la-forestiere\/wp-content\/uploads\/sites\/18\/2019\/10\/la-forestiere-lieu-768x576.jpg 768w, https:\/\/isatis.asso.fr\/la-forestiere\/wp-content\/uploads\/sites\/18\/2019\/10\/la-forestiere-lieu-1333x1000.jpg 1333w, https:\/\/isatis.asso.fr\/la-forestiere\/wp-content\/uploads\/sites\/18\/2019\/10\/la-forestiere-lieu.jpg 1500w\" sizes=\"auto, (max-width: 1024px) 100vw, 1024px\" \/><\/figure>\n<\/div>\n\n\n\n<div class=\"wp-block-column is-layout-flow wp-block-column-is-layout-flow\" style=\"flex-basis:33.33%\">\n<p>Nous proposons 62 chambres individuelles avec balcon au premier \u00e9tage ou petite terrasse au rez-de-jardin, toutes sont \u00e9quip\u00e9es d\u2019une salle de douche.<\/p>\n\n\n\n<p>La Foresti\u00e8re offre un cadre de vie agr\u00e9able, gr\u00e2ce \u00e0 ses grandes baies vitr\u00e9es, la r\u00e9sidence ouvre sur un patio et un grand jardin fleuri accessible pour tous.<\/p>\n<\/div>\n<\/div>\n\n\n\n<h2 class=\"wp-block-heading\">L\u2019accompagnement <\/h2>\n\n\n\n<div class=\"wp-block-columns is-layout-flex wp-container-core-columns-is-layout-9d6595d7 wp-block-columns-is-layout-flex\">\n<div class=\"wp-block-column is-layout-flow wp-block-column-is-layout-flow\" style=\"flex-basis:66.66%\">\n<figure class=\"wp-block-image size-large\"><img loading=\"lazy\" decoding=\"async\" width=\"1024\" height=\"1024\" src=\"https:\/\/isatis.asso.fr\/la-forestiere\/wp-content\/uploads\/sites\/18\/2019\/10\/la-forestiere-accompagnement-1024x1024.jpg\" alt=\"\" class=\"wp-image-81\" srcset=\"https:\/\/isatis.asso.fr\/la-forestiere\/wp-content\/uploads\/sites\/18\/2019\/10\/la-forestiere-accompagnement-1024x1024.jpg 1024w, https:\/\/isatis.asso.fr\/la-forestiere\/wp-content\/uploads\/sites\/18\/2019\/10\/la-forestiere-accompagnement-150x150.jpg 150w, https:\/\/isatis.asso.fr\/la-forestiere\/wp-content\/uploads\/sites\/18\/2019\/10\/la-forestiere-accompagnement-300x300.jpg 300w, https:\/\/isatis.asso.fr\/la-forestiere\/wp-content\/uploads\/sites\/18\/2019\/10\/la-forestiere-accompagnement-768x768.jpg 768w, https:\/\/isatis.asso.fr\/la-forestiere\/wp-content\/uploads\/sites\/18\/2019\/10\/la-forestiere-accompagnement-1000x1000.jpg 1000w, https:\/\/isatis.asso.fr\/la-forestiere\/wp-content\/uploads\/sites\/18\/2019\/10\/la-forestiere-accompagnement.jpg 1500w\" sizes=\"auto, (max-width: 1024px) 100vw, 1024px\" \/><\/figure>\n<\/div>\n\n\n\n<div class=\"wp-block-column is-layout-flow wp-block-column-is-layout-flow\" style=\"flex-basis:33.33%\">\n<p>Le projet d\u2019accompagnement s\u2019articule sur le respect de la dignit\u00e9 et la libert\u00e9 de choix de la personne \u00e2g\u00e9e, la pr\u00e9vention de la d\u00e9pendance physique et l\u2019accompagnement dans la perte de l\u2019autonomie. Il privil\u00e9gie le maintien des liens sociaux et affectifs avec l\u2019entourage. <\/p>\n<\/div>\n<\/div>\n\n\n\n<h2 class=\"wp-block-heading\">Les soins <\/h2>\n\n\n\n<div class=\"wp-block-columns is-layout-flex wp-container-core-columns-is-layout-9d6595d7 wp-block-columns-is-layout-flex\">\n<div class=\"wp-block-column is-layout-flow wp-block-column-is-layout-flow\" style=\"flex-basis:66.66%\">\n<figure class=\"wp-block-image size-large\"><img loading=\"lazy\" decoding=\"async\" width=\"1024\" height=\"768\" src=\"https:\/\/isatis.asso.fr\/la-forestiere\/wp-content\/uploads\/sites\/18\/2019\/10\/la-forestiere-soins-1024x768.jpg\" alt=\"\" class=\"wp-image-80\" srcset=\"https:\/\/isatis.asso.fr\/la-forestiere\/wp-content\/uploads\/sites\/18\/2019\/10\/la-forestiere-soins-1024x768.jpg 1024w, https:\/\/isatis.asso.fr\/la-forestiere\/wp-content\/uploads\/sites\/18\/2019\/10\/la-forestiere-soins-300x225.jpg 300w, https:\/\/isatis.asso.fr\/la-forestiere\/wp-content\/uploads\/sites\/18\/2019\/10\/la-forestiere-soins-768x576.jpg 768w, https:\/\/isatis.asso.fr\/la-forestiere\/wp-content\/uploads\/sites\/18\/2019\/10\/la-forestiere-soins-1333x1000.jpg 1333w, https:\/\/isatis.asso.fr\/la-forestiere\/wp-content\/uploads\/sites\/18\/2019\/10\/la-forestiere-soins.jpg 1500w\" sizes=\"auto, (max-width: 1024px) 100vw, 1024px\" \/><\/figure>\n<\/div>\n\n\n\n<div class=\"wp-block-column is-layout-flow wp-block-column-is-layout-flow\" style=\"flex-basis:33.33%\">\n<p>Les \u00e9quipes, aides-soignants, infirmiers, m\u00e9decin coordonnateur, cadre infirmier, psychologue, psychomotricienne, sont \u00e0 l\u2019\u00e9coute afin d\u2019apporter \u00e0 chacun des r\u00e9sidents une prise en charge personnalis\u00e9e.<\/p>\n\n\n\n<p><strong>PASA<\/strong><\/p>\n\n\n\n<p>Un P\u00f4le d\u2019Activit\u00e9s et de Soins Adapt\u00e9s a ouvert en septembre 2016 pour accompagner, sur la journ\u00e9e, les personnes \u00e2g\u00e9es atteintes de la maladie d\u2019Alzheimer. Les personnes y sont accueillies au c\u0153ur d\u2019un espace lumineux et apaisant. L\u2019\u00e9quipe d\u00e9di\u00e9e leur propose des activit\u00e9s adapt\u00e9es \u00e0 leurs capacit\u00e9s cognitives. Le midi, les repas sont pris sur place dans une ambiance conviviale.<\/p>\n<\/div>\n<\/div>\n\n\n\n<h2 class=\"wp-block-heading\">L\u2019animation <\/h2>\n\n\n\n<div class=\"wp-block-columns is-layout-flex wp-container-core-columns-is-layout-9d6595d7 wp-block-columns-is-layout-flex\">\n<div class=\"wp-block-column is-layout-flow wp-block-column-is-layout-flow\" style=\"flex-basis:66.66%\">\n<figure class=\"wp-block-image size-large\"><img loading=\"lazy\" decoding=\"async\" width=\"768\" height=\"1024\" src=\"https:\/\/isatis.asso.fr\/la-forestiere\/wp-content\/uploads\/sites\/18\/2019\/10\/la-forestiere-anim-768x1024.jpg\" alt=\"\" class=\"wp-image-82\" srcset=\"https:\/\/isatis.asso.fr\/la-forestiere\/wp-content\/uploads\/sites\/18\/2019\/10\/la-forestiere-anim-768x1024.jpg 768w, https:\/\/isatis.asso.fr\/la-forestiere\/wp-content\/uploads\/sites\/18\/2019\/10\/la-forestiere-anim-225x300.jpg 225w, https:\/\/isatis.asso.fr\/la-forestiere\/wp-content\/uploads\/sites\/18\/2019\/10\/la-forestiere-anim-750x1000.jpg 750w, https:\/\/isatis.asso.fr\/la-forestiere\/wp-content\/uploads\/sites\/18\/2019\/10\/la-forestiere-anim.jpg 1500w\" sizes=\"auto, (max-width: 768px) 100vw, 768px\" \/><\/figure>\n<\/div>\n\n\n\n<div class=\"wp-block-column is-layout-flow wp-block-column-is-layout-flow\" style=\"flex-basis:33.33%\">\n<p>Une animatrice second\u00e9e par l\u2019\u00e9quipe d\u2019aides-soignants, renforce la vie sociale de l\u2019\u00e9tablissement \u00e0 travers un programme sans cesse renouvel\u00e9\u00a0: atelier peinture, relaxation, tricot, activit\u00e9s manuelles, poterie, gym douce, m\u00e9diation animale, f\u00eate des anniversaires, sorties, loto\u2026 <\/p>\n<\/div>\n<\/div>\n","protected":false},"excerpt":{"rendered":"<p>Le lieu de vie Nous proposons 62 chambres individuelles avec balcon au premier \u00e9tage ou petite terrasse au rez-de-jardin, toutes sont \u00e9quip\u00e9es d\u2019une salle de douche. La Foresti\u00e8re offre un cadre de vie agr\u00e9able, gr\u00e2ce \u00e0 ses grandes baies vitr\u00e9es, la r\u00e9sidence ouvre sur un patio et un grand jardin fleuri accessible pour tous. L\u2019accompagnement [&hellip;]<\/p>\n","protected":false},"author":1,"featured_media":0,"parent":2,"menu_order":2,"comment_status":"closed","ping_status":"closed","template":"","meta":{"_acf_changed":false,"footnotes":""},"class_list":["post-5","page","type-page","status-publish","hentry"],"acf":[],"yoast_head":"<!-- This site is optimized with the Yoast SEO plugin v27.3 - https:\/\/yoast.com\/product\/yoast-seo-wordpress\/ -->\n<title>Description - La Foresti\u00e8re<\/title>\n<meta name=\"robots\" content=\"index, follow, max-snippet:-1, max-image-preview:large, max-video-preview:-1\" \/>\n<link rel=\"canonical\" href=\"https:\/\/isatis.asso.fr\/la-forestiere\/ehpad\/description\/\" \/>\n<meta property=\"og:locale\" content=\"fr_FR\" \/>\n<meta property=\"og:type\" content=\"article\" \/>\n<meta property=\"og:title\" content=\"Description - La Foresti\u00e8re\" \/>\n<meta property=\"og:description\" content=\"Le lieu de vie Nous proposons 62 chambres individuelles avec balcon au premier \u00e9tage ou petite terrasse au rez-de-jardin, toutes sont \u00e9quip\u00e9es d\u2019une salle de douche. La Foresti\u00e8re offre un cadre de vie agr\u00e9able, gr\u00e2ce \u00e0 ses grandes baies vitr\u00e9es, la r\u00e9sidence ouvre sur un patio et un grand jardin fleuri accessible pour tous. L\u2019accompagnement [&hellip;]\" \/>\n<meta property=\"og:url\" content=\"https:\/\/isatis.asso.fr\/la-forestiere\/ehpad\/description\/\" \/>\n<meta property=\"og:site_name\" content=\"La Foresti\u00e8re\" \/>\n<meta property=\"article:modified_time\" content=\"2019-12-03T14:44:53+00:00\" \/>\n<meta property=\"og:image\" content=\"https:\/\/isatis.asso.fr\/la-forestiere\/wp-content\/uploads\/sites\/18\/2019\/10\/la-forestiere-lieu-1024x768.jpg\" \/>\n<meta name=\"twitter:card\" content=\"summary_large_image\" \/>\n<meta name=\"twitter:label1\" content=\"Dur\u00e9e de lecture estim\u00e9e\" \/>\n\t<meta name=\"twitter:data1\" content=\"1 minute\" \/>\n<script type=\"application\/ld+json\" class=\"yoast-schema-graph\">{\"@context\":\"https:\\\/\\\/schema.org\",\"@graph\":[{\"@type\":\"WebPage\",\"@id\":\"https:\\\/\\\/isatis.asso.fr\\\/la-forestiere\\\/ehpad\\\/description\\\/\",\"url\":\"https:\\\/\\\/isatis.asso.fr\\\/la-forestiere\\\/ehpad\\\/description\\\/\",\"name\":\"Description - La Foresti\u00e8re\",\"isPartOf\":{\"@id\":\"https:\\\/\\\/isatis.asso.fr\\\/la-forestiere\\\/#website\"},\"primaryImageOfPage\":{\"@id\":\"https:\\\/\\\/isatis.asso.fr\\\/la-forestiere\\\/ehpad\\\/description\\\/#primaryimage\"},\"image\":{\"@id\":\"https:\\\/\\\/isatis.asso.fr\\\/la-forestiere\\\/ehpad\\\/description\\\/#primaryimage\"},\"thumbnailUrl\":\"https:\\\/\\\/isatis.asso.fr\\\/la-forestiere\\\/wp-content\\\/uploads\\\/sites\\\/18\\\/2019\\\/10\\\/la-forestiere-lieu-1024x768.jpg\",\"datePublished\":\"2019-06-25T12:34:14+00:00\",\"dateModified\":\"2019-12-03T14:44:53+00:00\",\"breadcrumb\":{\"@id\":\"https:\\\/\\\/isatis.asso.fr\\\/la-forestiere\\\/ehpad\\\/description\\\/#breadcrumb\"},\"inLanguage\":\"fr-FR\",\"potentialAction\":[{\"@type\":\"ReadAction\",\"target\":[\"https:\\\/\\\/isatis.asso.fr\\\/la-forestiere\\\/ehpad\\\/description\\\/\"]}]},{\"@type\":\"ImageObject\",\"inLanguage\":\"fr-FR\",\"@id\":\"https:\\\/\\\/isatis.asso.fr\\\/la-forestiere\\\/ehpad\\\/description\\\/#primaryimage\",\"url\":\"https:\\\/\\\/isatis.asso.fr\\\/la-forestiere\\\/wp-content\\\/uploads\\\/sites\\\/18\\\/2019\\\/10\\\/la-forestiere-lieu.jpg\",\"contentUrl\":\"https:\\\/\\\/isatis.asso.fr\\\/la-forestiere\\\/wp-content\\\/uploads\\\/sites\\\/18\\\/2019\\\/10\\\/la-forestiere-lieu.jpg\",\"width\":1500,\"height\":1125},{\"@type\":\"BreadcrumbList\",\"@id\":\"https:\\\/\\\/isatis.asso.fr\\\/la-forestiere\\\/ehpad\\\/description\\\/#breadcrumb\",\"itemListElement\":[{\"@type\":\"ListItem\",\"position\":1,\"name\":\"Accueil\",\"item\":\"https:\\\/\\\/isatis.asso.fr\\\/la-forestiere\\\/\"},{\"@type\":\"ListItem\",\"position\":2,\"name\":\"Pr\u00e9sentation\",\"item\":\"https:\\\/\\\/isatis.asso.fr\\\/la-forestiere\\\/\"},{\"@type\":\"ListItem\",\"position\":3,\"name\":\"Description\"}]},{\"@type\":\"WebSite\",\"@id\":\"https:\\\/\\\/isatis.asso.fr\\\/la-forestiere\\\/#website\",\"url\":\"https:\\\/\\\/isatis.asso.fr\\\/la-forestiere\\\/\",\"name\":\"La Foresti\u00e8re\",\"description\":\"EHPAD - PASA\",\"potentialAction\":[{\"@type\":\"SearchAction\",\"target\":{\"@type\":\"EntryPoint\",\"urlTemplate\":\"https:\\\/\\\/isatis.asso.fr\\\/la-forestiere\\\/?s={search_term_string}\"},\"query-input\":{\"@type\":\"PropertyValueSpecification\",\"valueRequired\":true,\"valueName\":\"search_term_string\"}}],\"inLanguage\":\"fr-FR\"}]}<\/script>\n<!-- \/ Yoast SEO plugin. -->","yoast_head_json":{"title":"Description - La Foresti\u00e8re","robots":{"index":"index","follow":"follow","max-snippet":"max-snippet:-1","max-image-preview":"max-image-preview:large","max-video-preview":"max-video-preview:-1"},"canonical":"https:\/\/isatis.asso.fr\/la-forestiere\/ehpad\/description\/","og_locale":"fr_FR","og_type":"article","og_title":"Description - La Foresti\u00e8re","og_description":"Le lieu de vie Nous proposons 62 chambres individuelles avec balcon au premier \u00e9tage ou petite terrasse au rez-de-jardin, toutes sont \u00e9quip\u00e9es d\u2019une salle de douche. La Foresti\u00e8re offre un cadre de vie agr\u00e9able, gr\u00e2ce \u00e0 ses grandes baies vitr\u00e9es, la r\u00e9sidence ouvre sur un patio et un grand jardin fleuri accessible pour tous. L\u2019accompagnement [&hellip;]","og_url":"https:\/\/isatis.asso.fr\/la-forestiere\/ehpad\/description\/","og_site_name":"La Foresti\u00e8re","article_modified_time":"2019-12-03T14:44:53+00:00","og_image":[{"url":"https:\/\/isatis.asso.fr\/la-forestiere\/wp-content\/uploads\/sites\/18\/2019\/10\/la-forestiere-lieu-1024x768.jpg","type":"","width":"","height":""}],"twitter_card":"summary_large_image","twitter_misc":{"Dur\u00e9e de lecture estim\u00e9e":"1 minute"},"schema":{"@context":"https:\/\/schema.org","@graph":[{"@type":"WebPage","@id":"https:\/\/isatis.asso.fr\/la-forestiere\/ehpad\/description\/","url":"https:\/\/isatis.asso.fr\/la-forestiere\/ehpad\/description\/","name":"Description - La Foresti\u00e8re","isPartOf":{"@id":"https:\/\/isatis.asso.fr\/la-forestiere\/#website"},"primaryImageOfPage":{"@id":"https:\/\/isatis.asso.fr\/la-forestiere\/ehpad\/description\/#primaryimage"},"image":{"@id":"https:\/\/isatis.asso.fr\/la-forestiere\/ehpad\/description\/#primaryimage"},"thumbnailUrl":"https:\/\/isatis.asso.fr\/la-forestiere\/wp-content\/uploads\/sites\/18\/2019\/10\/la-forestiere-lieu-1024x768.jpg","datePublished":"2019-06-25T12:34:14+00:00","dateModified":"2019-12-03T14:44:53+00:00","breadcrumb":{"@id":"https:\/\/isatis.asso.fr\/la-forestiere\/ehpad\/description\/#breadcrumb"},"inLanguage":"fr-FR","potentialAction":[{"@type":"ReadAction","target":["https:\/\/isatis.asso.fr\/la-forestiere\/ehpad\/description\/"]}]},{"@type":"ImageObject","inLanguage":"fr-FR","@id":"https:\/\/isatis.asso.fr\/la-forestiere\/ehpad\/description\/#primaryimage","url":"https:\/\/isatis.asso.fr\/la-forestiere\/wp-content\/uploads\/sites\/18\/2019\/10\/la-forestiere-lieu.jpg","contentUrl":"https:\/\/isatis.asso.fr\/la-forestiere\/wp-content\/uploads\/sites\/18\/2019\/10\/la-forestiere-lieu.jpg","width":1500,"height":1125},{"@type":"BreadcrumbList","@id":"https:\/\/isatis.asso.fr\/la-forestiere\/ehpad\/description\/#breadcrumb","itemListElement":[{"@type":"ListItem","position":1,"name":"Accueil","item":"https:\/\/isatis.asso.fr\/la-forestiere\/"},{"@type":"ListItem","position":2,"name":"Pr\u00e9sentation","item":"https:\/\/isatis.asso.fr\/la-forestiere\/"},{"@type":"ListItem","position":3,"name":"Description"}]},{"@type":"WebSite","@id":"https:\/\/isatis.asso.fr\/la-forestiere\/#website","url":"https:\/\/isatis.asso.fr\/la-forestiere\/","name":"La Foresti\u00e8re","description":"EHPAD - PASA","potentialAction":[{"@type":"SearchAction","target":{"@type":"EntryPoint","urlTemplate":"https:\/\/isatis.asso.fr\/la-forestiere\/?s={search_term_string}"},"query-input":{"@type":"PropertyValueSpecification","valueRequired":true,"valueName":"search_term_string"}}],"inLanguage":"fr-FR"}]}},"_links":{"self":[{"href":"https:\/\/isatis.asso.fr\/la-forestiere\/wp-json\/wp\/v2\/pages\/5","targetHints":{"allow":["GET"]}}],"collection":[{"href":"https:\/\/isatis.asso.fr\/la-forestiere\/wp-json\/wp\/v2\/pages"}],"about":[{"href":"https:\/\/isatis.asso.fr\/la-forestiere\/wp-json\/wp\/v2\/types\/page"}],"author":[{"embeddable":true,"href":"https:\/\/isatis.asso.fr\/la-forestiere\/wp-json\/wp\/v2\/users\/1"}],"replies":[{"embeddable":true,"href":"https:\/\/isatis.asso.fr\/la-forestiere\/wp-json\/wp\/v2\/comments?post=5"}],"version-history":[{"count":5,"href":"https:\/\/isatis.asso.fr\/la-forestiere\/wp-json\/wp\/v2\/pages\/5\/revisions"}],"predecessor-version":[{"id":129,"href":"https:\/\/isatis.asso.fr\/la-forestiere\/wp-json\/wp\/v2\/pages\/5\/revisions\/129"}],"up":[{"embeddable":true,"href":"https:\/\/isatis.asso.fr\/la-forestiere\/wp-json\/wp\/v2\/pages\/2"}],"wp:attachment":[{"href":"https:\/\/isatis.asso.fr\/la-forestiere\/wp-json\/wp\/v2\/media?parent=5"}],"curies":[{"name":"wp","href":"https:\/\/api.w.org\/{rel}","templated":true}]}}