{"id":5,"date":"2019-06-25T14:34:14","date_gmt":"2019-06-25T12:34:14","guid":{"rendered":"https:\/\/isatis.asso.fr\/citadine\/?page_id=5"},"modified":"2022-05-10T16:40:18","modified_gmt":"2022-05-10T14:40:18","slug":"description","status":"publish","type":"page","link":"https:\/\/isatis.asso.fr\/la-citadine\/ehpad\/description\/","title":{"rendered":"Description"},"content":{"rendered":"\n<h2 class=\"wp-block-heading\">Le lieu de vie <\/h2>\n\n\n\n<div class=\"wp-block-columns is-layout-flex wp-container-core-columns-is-layout-9d6595d7 wp-block-columns-is-layout-flex\">\n<div class=\"wp-block-column is-layout-flow wp-block-column-is-layout-flow\" style=\"flex-basis:66.66%\">\n<figure class=\"wp-block-image size-full\"><img loading=\"lazy\" decoding=\"async\" width=\"356\" height=\"268\" src=\"https:\/\/isatis.asso.fr\/la-citadine\/wp-content\/uploads\/sites\/11\/2022\/05\/1413-1.jpeg\" alt=\"\" class=\"wp-image-322\" srcset=\"https:\/\/isatis.asso.fr\/la-citadine\/wp-content\/uploads\/sites\/11\/2022\/05\/1413-1.jpeg 356w, https:\/\/isatis.asso.fr\/la-citadine\/wp-content\/uploads\/sites\/11\/2022\/05\/1413-1-300x226.jpeg 300w\" sizes=\"auto, (max-width: 356px) 100vw, 356px\" \/><\/figure>\n<\/div>\n\n\n\n<div class=\"wp-block-column is-layout-flow wp-block-column-is-layout-flow\" style=\"flex-basis:33.33%\">\n<p>Nous proposons 77 chambres individuelles dont 4 chambres d\u00e9di\u00e9es \u00e0 l\u2019h\u00e9bergement temporaire. Chaque chambre peut \u00eatre personnalis\u00e9e notamment avec du mobilier personnel. L\u2019espace de vie collectif principal est situ\u00e9 au rez-de-chauss\u00e9e (salle de restauration, salle de kin\u00e9sith\u00e9rapie\u2026) avec son \u00ab&nbsp;petit&nbsp;\u00bb jardin.<\/p>\n<\/div>\n<\/div>\n\n\n\n<h2 class=\"wp-block-heading\">L\u2019accompagnement <\/h2>\n\n\n\n<div class=\"wp-block-columns is-layout-flex wp-container-core-columns-is-layout-9d6595d7 wp-block-columns-is-layout-flex\">\n<div class=\"wp-block-column is-layout-flow wp-block-column-is-layout-flow\" style=\"flex-basis:66.66%\">\n<figure class=\"wp-block-image size-large\"><img loading=\"lazy\" decoding=\"async\" width=\"985\" height=\"1024\" src=\"https:\/\/isatis.asso.fr\/la-citadine\/wp-content\/uploads\/sites\/11\/2022\/05\/pasa-1-985x1024.jpg\" alt=\"\" class=\"wp-image-324\" srcset=\"https:\/\/isatis.asso.fr\/la-citadine\/wp-content\/uploads\/sites\/11\/2022\/05\/pasa-1-985x1024.jpg 985w, https:\/\/isatis.asso.fr\/la-citadine\/wp-content\/uploads\/sites\/11\/2022\/05\/pasa-1-289x300.jpg 289w, https:\/\/isatis.asso.fr\/la-citadine\/wp-content\/uploads\/sites\/11\/2022\/05\/pasa-1-768x798.jpg 768w, https:\/\/isatis.asso.fr\/la-citadine\/wp-content\/uploads\/sites\/11\/2022\/05\/pasa-1-1478x1536.jpg 1478w, https:\/\/isatis.asso.fr\/la-citadine\/wp-content\/uploads\/sites\/11\/2022\/05\/pasa-1-1970x2048.jpg 1970w, https:\/\/isatis.asso.fr\/la-citadine\/wp-content\/uploads\/sites\/11\/2022\/05\/pasa-1-962x1000.jpg 962w\" sizes=\"auto, (max-width: 985px) 100vw, 985px\" \/><\/figure>\n<\/div>\n\n\n\n<div class=\"wp-block-column is-layout-flow wp-block-column-is-layout-flow\" style=\"flex-basis:33.33%\">\n<p>Le projet d\u2019accompagnement personnalis\u00e9 est d\u00e9fini avec la personne accueillie et\/ou ses proches, il est fond\u00e9 sur son histoire de vie, ses attentes et ses souhaits Ceci afin de permettre l\u2019organisation de l\u2019ensemble des missions de fa\u00e7on la plus adapt\u00e9e \u00e0 la personne. <\/p>\n<\/div>\n<\/div>\n\n\n\n<h2 class=\"wp-block-heading\">Les soins <\/h2>\n\n\n\n<p>Le m\u00e9decin coordonnateur et le cadre de sant\u00e9 encadrent une \u00e9quipe de professionnels qui met en \u0153uvre le projet de soins, centr\u00e9 sur la prise en charge de la douleur, l\u2019accompagnement de fin de vie, la pr\u00e9vention des chutes, le maintien de l\u2019autonomie et la pr\u00e9vention des risques.<\/p>\n\n\n\n<p>LE PASA (P\u00f4le d\u2019Activit\u00e9s et de Soins Adapt\u00e9s)<br>Ouvert depuis la fin de l\u2019ann\u00e9e 2016, cet espace s\u00e9curis\u00e9 accueille \u00e0 la journ\u00e9e 12 personnes \u00e2g\u00e9es pr\u00e9sentant des troubles de l\u2019orientation et du comportement. Des activit\u00e9s sp\u00e9cifiques sont propos\u00e9es, adapt\u00e9es aux difficult\u00e9s de chacun.<\/p>\n\n\n\n<h2 class=\"wp-block-heading\">Les animations<\/h2>\n\n\n\n<div class=\"wp-block-columns is-layout-flex wp-container-core-columns-is-layout-9d6595d7 wp-block-columns-is-layout-flex\">\n<div class=\"wp-block-column is-layout-flow wp-block-column-is-layout-flow\" style=\"flex-basis:66.66%\">\n<figure class=\"wp-block-image size-full\"><img loading=\"lazy\" decoding=\"async\" width=\"858\" height=\"686\" src=\"https:\/\/isatis.asso.fr\/la-citadine\/wp-content\/uploads\/sites\/11\/2022\/05\/animation.png\" alt=\"\" class=\"wp-image-317\" srcset=\"https:\/\/isatis.asso.fr\/la-citadine\/wp-content\/uploads\/sites\/11\/2022\/05\/animation.png 858w, https:\/\/isatis.asso.fr\/la-citadine\/wp-content\/uploads\/sites\/11\/2022\/05\/animation-300x240.png 300w, https:\/\/isatis.asso.fr\/la-citadine\/wp-content\/uploads\/sites\/11\/2022\/05\/animation-768x614.png 768w\" sizes=\"auto, (max-width: 858px) 100vw, 858px\" \/><\/figure>\n<\/div>\n\n\n\n<div class=\"wp-block-column is-layout-flow wp-block-column-is-layout-flow\" style=\"flex-basis:33.33%\">\n<p class=\"has-text-align-left\">Les animations vari\u00e9es sont propos\u00e9es par les 2 animateurs et les intervenants ext\u00e9rieurs afin de cr\u00e9er des moments de divertissement, de convivialit\u00e9 mais aussi des ateliers de stimulation cognitive et motrice.<\/p>\n<\/div>\n<\/div>\n","protected":false},"excerpt":{"rendered":"<p>Le lieu de vie Nous proposons 77 chambres individuelles dont 4 chambres d\u00e9di\u00e9es \u00e0 l\u2019h\u00e9bergement temporaire. Chaque chambre peut \u00eatre personnalis\u00e9e notamment avec du mobilier personnel. L\u2019espace de vie collectif principal est situ\u00e9 au rez-de-chauss\u00e9e (salle de restauration, salle de kin\u00e9sith\u00e9rapie\u2026) avec son \u00ab&nbsp;petit&nbsp;\u00bb jardin. L\u2019accompagnement Le projet d\u2019accompagnement personnalis\u00e9 est d\u00e9fini avec la personne [&hellip;]<\/p>\n","protected":false},"author":1,"featured_media":0,"parent":2,"menu_order":2,"comment_status":"closed","ping_status":"closed","template":"","meta":{"_acf_changed":false,"footnotes":""},"class_list":["post-5","page","type-page","status-publish","hentry"],"acf":[],"yoast_head":"<!-- This site is optimized with the Yoast SEO plugin v26.1 - https:\/\/yoast.com\/wordpress\/plugins\/seo\/ -->\n<title>Description - La Citadine<\/title>\n<meta name=\"robots\" content=\"index, follow, max-snippet:-1, max-image-preview:large, max-video-preview:-1\" \/>\n<link rel=\"canonical\" href=\"https:\/\/isatis.asso.fr\/la-citadine\/ehpad\/description\/\" \/>\n<meta property=\"og:locale\" content=\"fr_FR\" \/>\n<meta property=\"og:type\" content=\"article\" \/>\n<meta property=\"og:title\" content=\"Description - La Citadine\" \/>\n<meta property=\"og:description\" content=\"Le lieu de vie Nous proposons 77 chambres individuelles dont 4 chambres d\u00e9di\u00e9es \u00e0 l\u2019h\u00e9bergement temporaire. Chaque chambre peut \u00eatre personnalis\u00e9e notamment avec du mobilier personnel. L\u2019espace de vie collectif principal est situ\u00e9 au rez-de-chauss\u00e9e (salle de restauration, salle de kin\u00e9sith\u00e9rapie\u2026) avec son \u00ab&nbsp;petit&nbsp;\u00bb jardin. L\u2019accompagnement Le projet d\u2019accompagnement personnalis\u00e9 est d\u00e9fini avec la personne [&hellip;]\" \/>\n<meta property=\"og:url\" content=\"https:\/\/isatis.asso.fr\/la-citadine\/ehpad\/description\/\" \/>\n<meta property=\"og:site_name\" content=\"La Citadine\" \/>\n<meta property=\"article:modified_time\" content=\"2022-05-10T14:40:18+00:00\" \/>\n<meta property=\"og:image\" content=\"https:\/\/isatis.asso.fr\/la-citadine\/wp-content\/uploads\/sites\/11\/2022\/05\/1413-1.jpeg\" \/>\n<meta name=\"twitter:card\" content=\"summary_large_image\" \/>\n<meta name=\"twitter:label1\" content=\"Dur\u00e9e de lecture estim\u00e9e\" \/>\n\t<meta name=\"twitter:data1\" content=\"2 minutes\" \/>\n<script type=\"application\/ld+json\" class=\"yoast-schema-graph\">{\"@context\":\"https:\/\/schema.org\",\"@graph\":[{\"@type\":\"WebPage\",\"@id\":\"https:\/\/isatis.asso.fr\/la-citadine\/ehpad\/description\/\",\"url\":\"https:\/\/isatis.asso.fr\/la-citadine\/ehpad\/description\/\",\"name\":\"Description - La Citadine\",\"isPartOf\":{\"@id\":\"https:\/\/isatis.asso.fr\/la-citadine\/#website\"},\"primaryImageOfPage\":{\"@id\":\"https:\/\/isatis.asso.fr\/la-citadine\/ehpad\/description\/#primaryimage\"},\"image\":{\"@id\":\"https:\/\/isatis.asso.fr\/la-citadine\/ehpad\/description\/#primaryimage\"},\"thumbnailUrl\":\"https:\/\/isatis.asso.fr\/la-citadine\/wp-content\/uploads\/sites\/11\/2022\/05\/1413-1.jpeg\",\"datePublished\":\"2019-06-25T12:34:14+00:00\",\"dateModified\":\"2022-05-10T14:40:18+00:00\",\"breadcrumb\":{\"@id\":\"https:\/\/isatis.asso.fr\/la-citadine\/ehpad\/description\/#breadcrumb\"},\"inLanguage\":\"fr-FR\",\"potentialAction\":[{\"@type\":\"ReadAction\",\"target\":[\"https:\/\/isatis.asso.fr\/la-citadine\/ehpad\/description\/\"]}]},{\"@type\":\"ImageObject\",\"inLanguage\":\"fr-FR\",\"@id\":\"https:\/\/isatis.asso.fr\/la-citadine\/ehpad\/description\/#primaryimage\",\"url\":\"https:\/\/isatis.asso.fr\/la-citadine\/wp-content\/uploads\/sites\/11\/2022\/05\/1413-1.jpeg\",\"contentUrl\":\"https:\/\/isatis.asso.fr\/la-citadine\/wp-content\/uploads\/sites\/11\/2022\/05\/1413-1.jpeg\",\"width\":356,\"height\":268},{\"@type\":\"BreadcrumbList\",\"@id\":\"https:\/\/isatis.asso.fr\/la-citadine\/ehpad\/description\/#breadcrumb\",\"itemListElement\":[{\"@type\":\"ListItem\",\"position\":1,\"name\":\"Accueil\",\"item\":\"https:\/\/isatis.asso.fr\/la-citadine\/\"},{\"@type\":\"ListItem\",\"position\":2,\"name\":\"Pr\u00e9sentation\",\"item\":\"https:\/\/isatis.asso.fr\/la-citadine\/\"},{\"@type\":\"ListItem\",\"position\":3,\"name\":\"Description\"}]},{\"@type\":\"WebSite\",\"@id\":\"https:\/\/isatis.asso.fr\/la-citadine\/#website\",\"url\":\"https:\/\/isatis.asso.fr\/la-citadine\/\",\"name\":\"La Citadine\",\"description\":\"EHPAD - H\u00c9BERGEMENT TEMPORAIRE - PASA\",\"potentialAction\":[{\"@type\":\"SearchAction\",\"target\":{\"@type\":\"EntryPoint\",\"urlTemplate\":\"https:\/\/isatis.asso.fr\/la-citadine\/?s={search_term_string}\"},\"query-input\":{\"@type\":\"PropertyValueSpecification\",\"valueRequired\":true,\"valueName\":\"search_term_string\"}}],\"inLanguage\":\"fr-FR\"}]}<\/script>\n<!-- \/ Yoast SEO plugin. -->","yoast_head_json":{"title":"Description - La Citadine","robots":{"index":"index","follow":"follow","max-snippet":"max-snippet:-1","max-image-preview":"max-image-preview:large","max-video-preview":"max-video-preview:-1"},"canonical":"https:\/\/isatis.asso.fr\/la-citadine\/ehpad\/description\/","og_locale":"fr_FR","og_type":"article","og_title":"Description - La Citadine","og_description":"Le lieu de vie Nous proposons 77 chambres individuelles dont 4 chambres d\u00e9di\u00e9es \u00e0 l\u2019h\u00e9bergement temporaire. Chaque chambre peut \u00eatre personnalis\u00e9e notamment avec du mobilier personnel. L\u2019espace de vie collectif principal est situ\u00e9 au rez-de-chauss\u00e9e (salle de restauration, salle de kin\u00e9sith\u00e9rapie\u2026) avec son \u00ab&nbsp;petit&nbsp;\u00bb jardin. L\u2019accompagnement Le projet d\u2019accompagnement personnalis\u00e9 est d\u00e9fini avec la personne [&hellip;]","og_url":"https:\/\/isatis.asso.fr\/la-citadine\/ehpad\/description\/","og_site_name":"La Citadine","article_modified_time":"2022-05-10T14:40:18+00:00","og_image":[{"url":"https:\/\/isatis.asso.fr\/la-citadine\/wp-content\/uploads\/sites\/11\/2022\/05\/1413-1.jpeg","type":"","width":"","height":""}],"twitter_card":"summary_large_image","twitter_misc":{"Dur\u00e9e de lecture estim\u00e9e":"2 minutes"},"schema":{"@context":"https:\/\/schema.org","@graph":[{"@type":"WebPage","@id":"https:\/\/isatis.asso.fr\/la-citadine\/ehpad\/description\/","url":"https:\/\/isatis.asso.fr\/la-citadine\/ehpad\/description\/","name":"Description - La Citadine","isPartOf":{"@id":"https:\/\/isatis.asso.fr\/la-citadine\/#website"},"primaryImageOfPage":{"@id":"https:\/\/isatis.asso.fr\/la-citadine\/ehpad\/description\/#primaryimage"},"image":{"@id":"https:\/\/isatis.asso.fr\/la-citadine\/ehpad\/description\/#primaryimage"},"thumbnailUrl":"https:\/\/isatis.asso.fr\/la-citadine\/wp-content\/uploads\/sites\/11\/2022\/05\/1413-1.jpeg","datePublished":"2019-06-25T12:34:14+00:00","dateModified":"2022-05-10T14:40:18+00:00","breadcrumb":{"@id":"https:\/\/isatis.asso.fr\/la-citadine\/ehpad\/description\/#breadcrumb"},"inLanguage":"fr-FR","potentialAction":[{"@type":"ReadAction","target":["https:\/\/isatis.asso.fr\/la-citadine\/ehpad\/description\/"]}]},{"@type":"ImageObject","inLanguage":"fr-FR","@id":"https:\/\/isatis.asso.fr\/la-citadine\/ehpad\/description\/#primaryimage","url":"https:\/\/isatis.asso.fr\/la-citadine\/wp-content\/uploads\/sites\/11\/2022\/05\/1413-1.jpeg","contentUrl":"https:\/\/isatis.asso.fr\/la-citadine\/wp-content\/uploads\/sites\/11\/2022\/05\/1413-1.jpeg","width":356,"height":268},{"@type":"BreadcrumbList","@id":"https:\/\/isatis.asso.fr\/la-citadine\/ehpad\/description\/#breadcrumb","itemListElement":[{"@type":"ListItem","position":1,"name":"Accueil","item":"https:\/\/isatis.asso.fr\/la-citadine\/"},{"@type":"ListItem","position":2,"name":"Pr\u00e9sentation","item":"https:\/\/isatis.asso.fr\/la-citadine\/"},{"@type":"ListItem","position":3,"name":"Description"}]},{"@type":"WebSite","@id":"https:\/\/isatis.asso.fr\/la-citadine\/#website","url":"https:\/\/isatis.asso.fr\/la-citadine\/","name":"La Citadine","description":"EHPAD - H\u00c9BERGEMENT TEMPORAIRE - PASA","potentialAction":[{"@type":"SearchAction","target":{"@type":"EntryPoint","urlTemplate":"https:\/\/isatis.asso.fr\/la-citadine\/?s={search_term_string}"},"query-input":{"@type":"PropertyValueSpecification","valueRequired":true,"valueName":"search_term_string"}}],"inLanguage":"fr-FR"}]}},"_links":{"self":[{"href":"https:\/\/isatis.asso.fr\/la-citadine\/wp-json\/wp\/v2\/pages\/5","targetHints":{"allow":["GET"]}}],"collection":[{"href":"https:\/\/isatis.asso.fr\/la-citadine\/wp-json\/wp\/v2\/pages"}],"about":[{"href":"https:\/\/isatis.asso.fr\/la-citadine\/wp-json\/wp\/v2\/types\/page"}],"author":[{"embeddable":true,"href":"https:\/\/isatis.asso.fr\/la-citadine\/wp-json\/wp\/v2\/users\/1"}],"replies":[{"embeddable":true,"href":"https:\/\/isatis.asso.fr\/la-citadine\/wp-json\/wp\/v2\/comments?post=5"}],"version-history":[{"count":19,"href":"https:\/\/isatis.asso.fr\/la-citadine\/wp-json\/wp\/v2\/pages\/5\/revisions"}],"predecessor-version":[{"id":325,"href":"https:\/\/isatis.asso.fr\/la-citadine\/wp-json\/wp\/v2\/pages\/5\/revisions\/325"}],"up":[{"embeddable":true,"href":"https:\/\/isatis.asso.fr\/la-citadine\/wp-json\/wp\/v2\/pages\/2"}],"wp:attachment":[{"href":"https:\/\/isatis.asso.fr\/la-citadine\/wp-json\/wp\/v2\/media?parent=5"}],"curies":[{"name":"wp","href":"https:\/\/api.w.org\/{rel}","templated":true}]}}